{"id":224,"date":"2023-04-29T16:09:13","date_gmt":"2023-04-29T14:09:13","guid":{"rendered":"https:\/\/associationverticale.com\/?page_id=224"},"modified":"2023-05-29T19:53:59","modified_gmt":"2023-05-29T17:53:59","slug":"mentions-legales","status":"publish","type":"page","link":"https:\/\/associationverticale.com\/index.php\/mentions-legales\/","title":{"rendered":"Mentions l\u00e9gales"},"content":{"rendered":"\n<p><strong>Site \u00e9dit\u00e9 par l\u2019Association Verticale<br>\u00a9 2023 \u2013 ASSOCIATION VERTICALE<br>L&rsquo;association VERTICALE est une association r\u00e9gie par la loi du 1er juillet 1901&nbsp;:<br>B-22 Avenue Jean Moulin &#8211; 69520 GRIGNY<br><\/strong><\/p>\n\n\n\n<p><strong>Pr\u00e9sident de l\u2019association VERTICALE : Roger PHILIBERT<br><a href=\"mailto:rogerdimi@orange.fr\" target=\"_blank\" rel=\"noreferrer noopener\">rogerdimi@orange.fr<\/a><\/strong><\/p>\n\n\n\n<p><strong>Le contenu est h\u00e9berg\u00e9 sur les serveurs de la soci\u00e9t\u00e9 OVH dont le si\u00e8ge social est situ\u00e9 2 rue Kellermann \u2013 59100 Roubaix \u2013 France,<br><\/strong><a href=\"https:\/\/www.ovh.com\/fr\/support\/mentions-legales\/\" target=\"_blank\" rel=\"noreferrer noopener\"><strong>https:\/\/www.ovh.com\/fr\/support\/mentions-legales\/<\/strong><\/a><\/p>\n\n\n\n<h2 class=\"wp-block-heading\">Propri\u00e9t\u00e9 intellectuelle<\/h2>\n\n\n\n<p><strong>Le site est r\u00e9gi dans son int\u00e9gralit\u00e9 par la l\u00e9gislation fran\u00e7aise relative au droit d\u2019auteur, au droit des marques et d\u2019une mani\u00e8re g\u00e9n\u00e9rale, \u00e0 la propri\u00e9t\u00e9 intellectuelle. Les marques et les logos de l&rsquo;association VERTICALE figurant sur le site sont des marques d\u00e9pos\u00e9es. Toute reproduction ou repr\u00e9sentation totale ou partielle, seules ou int\u00e9gr\u00e9es \u00e0 d\u2019autres \u00e9l\u00e9ments, sans l\u2019autorisation \u00e9crite, expresse et pr\u00e9alable de l&rsquo;association VERTICALE, en est strictement interdite.<\/strong><\/p>\n\n\n\n<h2 class=\"wp-block-heading\">Protection des donn\u00e9es<\/h2>\n\n\n\n<h3 class=\"wp-block-heading\"><strong>Donn\u00e9es collect\u00e9es via les formulaires de contact et de don<\/strong><\/h3>\n\n\n\n<p><strong>L&rsquo;association VERTICALE, en tant que responsable de traitement, respecte les principes suivants&nbsp;:<\/strong><\/p>\n\n\n\n<ul class=\"wp-block-list\">\n<li><strong>vos donn\u00e9es sont utilis\u00e9es uniquement pour des finalit\u00e9s explicites, l\u00e9gitimes et d\u00e9termin\u00e9es en lien avec notre mission (y compris les communications par emailing),<\/strong><\/li>\n\n\n\n<li><strong>seules les donn\u00e9es qui nous sont utiles sont collect\u00e9es,<\/strong><\/li>\n\n\n\n<li><strong>nous ne conservons pas vos donn\u00e9es au-del\u00e0 de la dur\u00e9e n\u00e9cessaire pour les op\u00e9rations pour lesquelles elles ont \u00e9t\u00e9 collect\u00e9es ou par la loi (telles que les prescriptions l\u00e9gales),<\/strong><\/li>\n\n\n\n<li><strong>nous ne communiquons vos donn\u00e9es personnelles \u00e0 aucun tiers<\/strong><\/li>\n<\/ul>\n\n\n\n<p><strong>Au regard des r\u00e8gles de protection des donn\u00e9es personnelles (article 34 de Loi \u201cInformatiques et Libert\u00e9s\u201d du 6 janvier 1978, directives 95\/46 et 97\/66), vous disposez d\u2019un droit d\u2019acc\u00e8s, de rectification et de suppression des donn\u00e9es qui vous concernent.<\/strong><\/p>\n\n\n\n<p><strong>Pour exercer vos droits d\u2019acc\u00e8s, de rectification et d\u2019opposition, veuillez contacter le pr\u00e9sident de l&rsquo;association VERTICALE.<br>Les donn\u00e9es saisies dans le formulaire et stock\u00e9es sont effac\u00e9es apr\u00e8s un d\u00e9lai de 6 mois.<\/strong><\/p>\n\n\n\n<h3 class=\"wp-block-heading\">La s\u00e9curit\u00e9 de vos donn\u00e9es<\/h3>\n\n\n\n<p><strong><u><strong>Des mesures de confidentialit\u00e9<\/strong><\/u><\/strong><\/p>\n\n\n\n<p><strong>Nous nous engageons \u00e0 assurer la s\u00e9curit\u00e9 de vos donn\u00e9es en mettant en place une protection des donn\u00e9es renforc\u00e9e par l\u2019utilisation de moyens de s\u00e9curisation physiques et logiques conformes aux r\u00e8gles de l\u2019art et aux normes qui nous sont impos\u00e9es.<\/strong><\/p>\n\n\n\n<p><strong><u><strong>Donn\u00e9es bancaires<\/strong><\/u><\/strong><\/p>\n\n\n\n<p><strong>Les donn\u00e9es bancaires ne sont pas trait\u00e9es directement par notre site, mais par celui de la banque CMCIC.<br>Nous ne collectons que les informations relatives \u00e0 la personne ayant effectu\u00e9e le don et \u00e0 son montant, dans le but de pouvoir \u00e9mettre les re\u00e7us fiscaux.<\/strong><\/p>\n\n\n\n<h3 class=\"wp-block-heading\">Vos droits<\/h3>\n\n\n\n<p><strong><u>Droits d\u2019acc\u00e8s, de rectification, d\u2019effacement, de limitation, de portabilit\u00e9, d\u2019opposition et de d\u00e9cider du sort de vos donn\u00e9es \u00e0 votre d\u00e9c\u00e8s<\/u><br>Vous disposez de droits vous permettant de&nbsp;:<\/strong><\/p>\n\n\n\n<ul class=\"wp-block-list\">\n<li><strong>acc\u00e9der \u00e0 vos donn\u00e9es,<\/strong><\/li>\n\n\n\n<li><strong>demander leur rectification en cas d\u2019erreur,<\/strong><\/li>\n\n\n\n<li><strong>demander leur effacement,<\/strong><\/li>\n\n\n\n<li><strong>demander la limitation de leur traitement,<\/strong><\/li>\n\n\n\n<li><strong>vous opposer \u00e0 leur traitement,<\/strong><\/li>\n\n\n\n<li><strong>d\u00e9finir des directives relatives \u00e0 leur sort apr\u00e8s votre d\u00e9c\u00e8s. Pour mieux conna\u00eetre vos droits, rendez-vous sur le site de la CNIL (<\/strong><a href=\"http:\/\/www.cnil.fr\/fr\/comprendre-vos-droits\" target=\"_blank\" rel=\"noreferrer noopener\"><strong>www.cnil.fr\/fr\/comprendre-vos-droits<\/strong><\/a><strong>).<\/strong><\/li>\n<\/ul>\n\n\n\n<p><strong>Vous pouvez les exercer en adressant un courrier \u00e9lectronique \u00e0 <a href=\"mailto:contact@associationverticale.com\" target=\"_blank\" rel=\"noreferrer noopener\">contact@associationverticale.com<\/a><\/strong><\/p>\n\n\n\n<p><strong>ou un courrier postal \u00e0 Association VERTICALE<\/strong><\/p>\n\n\n\n<p><strong>B-22 Avenue Jean Moulin &#8211; 69520 GRIGNY<\/strong><\/p>\n\n\n\n<h2 class=\"wp-block-heading\">Cookies et mesure d\u2019audience<\/h2>\n\n\n\n<h3 class=\"wp-block-heading\">Cookies de mesure d\u2019audience de Google Analytics<\/h3>\n\n\n\n<p><strong>Ce site utilise Google Analytics, un service d\u2019analyse de site internet fourni par Google Inc. Google Analytics utilise des cookies pour aider \u00e0 analyser l\u2019utilisation du site par ses utilisateurs. Les donn\u00e9es g\u00e9n\u00e9r\u00e9es par les cookies concernant votre utilisation du site (y compris votre adresse IP) seront transmises et stock\u00e9es par Google sur des serveurs situ\u00e9s aux Etats-Unis. Google utilisera cette information dans le but d\u2019\u00e9valuer votre utilisation du site, compiler des rapports sur l\u2019activit\u00e9 du site \u00e0 destination de son \u00e9diteur et fournir d\u2019autres services relatifs \u00e0 l\u2019activit\u00e9 du site ainsi qu\u2019\u00e0 l\u2019utilisation d\u2019Internet. Google est susceptible de communiquer ces donn\u00e9es \u00e0 des tiers, en cas d\u2019obligation l\u00e9gale ou lorsque ces tiers traitent ces donn\u00e9es pour le compte de Google, y compris l\u2019\u00e9diteur de ce site. Google ne recoupera pas votre adresse IP avec toute autre donn\u00e9e d\u00e9tenue par Google. Google Analytics est compatible avec les recommandations des autorit\u00e9s europ\u00e9ennes en mati\u00e8re de traitement des donn\u00e9es (loi RGPD).<\/strong><\/p>\n\n\n\n<p><strong>Finalit\u00e9&nbsp;: Afin d\u2019adapter notre site aux demandes de nos visiteurs, nous mesurons de mani\u00e8re anonyme le nombre de visites, le nombre de pages consult\u00e9es ainsi que de l\u2019activit\u00e9 des visiteurs sur notre site et leur fr\u00e9quence de retour. Ces cookies permettent d\u2019\u00e9tablir des statistiques d\u2019analyse de la fr\u00e9quentation du site.<\/strong><\/p>\n\n\n\n<h3 class=\"wp-block-heading\">Cookies \u00e9mis par les r\u00e9seaux sociaux<\/h3>\n\n\n\n<ul class=\"wp-block-list\">\n<li><strong>Facebook \/&nbsp;<\/strong><a href=\"http:\/\/www.facebook.com\/\" target=\"_blank\" rel=\"noreferrer noopener\"><strong>www.facebook.com<\/strong><\/a><strong>&nbsp;\/&nbsp;<\/strong><a href=\"https:\/\/www.facebook.com\/about\/privacy\/\" target=\"_blank\" rel=\"noreferrer noopener\"><strong>Politique de confidentialit\u00e9<\/strong><\/a><\/li>\n\n\n\n<li><strong>Twitter \/&nbsp;<\/strong><a href=\"http:\/\/www.twitter.com\/\" target=\"_blank\" rel=\"noreferrer noopener\"><strong>www.twitter.com<\/strong><\/a><strong>&nbsp;\/&nbsp;<\/strong><a href=\"https:\/\/twitter.com\/privacy?lang=fr\" target=\"_blank\" rel=\"noreferrer noopener\"><strong>Politique de confidentialit\u00e9<\/strong><\/a><\/li>\n\n\n\n<li><strong>Linkedin \/&nbsp;<\/strong><a href=\"http:\/\/www.linkedin.com\/\" target=\"_blank\" rel=\"noreferrer noopener\"><strong>www.linkedin.com<\/strong><\/a><strong>&nbsp;\/&nbsp;<\/strong><a href=\"http:\/\/www.linkedin.com\/legal\/cookie-policy\" target=\"_blank\" rel=\"noreferrer noopener\"><strong>Politique de confidentialit\u00e9<\/strong><\/a><\/li>\n\n\n\n<li><strong>Youtube \/&nbsp;<\/strong><a href=\"http:\/\/www.google.com\/\" target=\"_blank\" rel=\"noreferrer noopener\"><strong>www.google.com<\/strong><\/a><strong>&nbsp;\/&nbsp;<\/strong><a href=\"https:\/\/support.google.com\/accounts\/answer\/61416?hl=fr\" target=\"_blank\" rel=\"noreferrer noopener\"><strong>Politique de confidentialit\u00e9<\/strong><\/a><\/li>\n<\/ul>\n\n\n\n<p><strong>Attention&nbsp;! D\u00e9sactiver ces Cookies emp\u00eachera donc toute interaction avec le ou les r\u00e9seaux sociaux concern\u00e9s.<\/strong><\/p>\n\n\n\n<p><strong>Attention&nbsp;! La prise en compte de vos diff\u00e9rents souhaits concernant l\u2019usage de cookies sur le site repose sur un Cookie ou plusieurs Cookies d\u00e9termin\u00e9s. Si vous supprimez tous les Cookies enregistr\u00e9s au sein de votre terminal, nous ne saurons plus quel consentement ou quel refus vous avez \u00e9mis. Cela reviendra donc \u00e0 r\u00e9initialiser votre consentement et vous devrez donc \u00e0 nouveau refuser le ou les Cookies que vous ne souhaitez pas conserver. De m\u00eame, si vous utilisez un autre navigateur Internet, vous devrez \u00e0 nouveau refuser ces Cookies car vos choix, comme les cookies auxquels ils se rapportent, d\u00e9pendent du navigateur et du terminal (ordinateur, tablette, smartphone, etc.) que vous utilisez pour consulter le Site.<\/strong><\/p>\n\n\n\n<h3 class=\"wp-block-heading\">Vos choix concernant les cookies<\/h3>\n\n\n\n<p><strong>Vous pouvez vous opposer \u00e0 l\u2019enregistrement des cookies simplement en refusant d\u2019accepter les cookies ou en configurant les pr\u00e9f\u00e9rences de votre logiciel de navigation. Le fait de refuser les cookies peut vous emp\u00eacher d\u2019acc\u00e9der \u00e0 certaines fonctionnalit\u00e9s du site.<\/strong><\/p>\n\n\n\n<p><strong>Sous Microsoft Internet Explorer<\/strong><strong><br>Choisissez le menu \u201cOutils&nbsp;\u00bb, puis \u201cOptions Internet\u201d<br>Cliquez sur l\u2019onglet \u201cConfidentialit\u00e9\u201d<br>S\u00e9lectionnez le niveau souhait\u00e9 \u00e0 l\u2019aide du curseur<\/strong><\/p>\n\n\n\n<p><strong>Sous Mozilla Firefox<\/strong><strong><br>Choisissez le menu \u00ab&nbsp;Outils&nbsp;\u00bb puis \u00ab&nbsp;Options&nbsp;\u00bb<br>Cliquez sur l\u2019onglet \u00ab&nbsp;Vie priv\u00e9e&nbsp;\u00bb<br>Dans la liste d\u00e9roulante \u00ab&nbsp;R\u00e8gles de conservation&nbsp;\u00bb s\u00e9lectionnez le niveau souhait\u00e9<\/strong><\/p>\n\n\n\n<p><strong>Sous Google Chrome<\/strong><strong><br>Cliquez sur l\u2019ic\u00f4ne permettant d\u2019afficher le menu des param\u00e8tres<br>Cliquez sur \u00ab&nbsp;Options&nbsp;\u00bb<br>Dans la zone \u201cHistorique\u201d, s\u00e9lectionnez \u201cutiliser les param\u00e8tres personnalis\u00e9s pour l\u2019historique\u201d<br>Choisissez le niveau souhait\u00e9<\/strong><\/p>\n\n\n\n<p><strong>Sous Safari<\/strong><strong><br>Cliquez dans le menu \u00ab&nbsp;Safari&nbsp;\u00bb<br>Cliquez sur \u00ab&nbsp;Pr\u00e9f\u00e9rences&nbsp;\u00bb<br>Dans l\u2019onglet \u00ab&nbsp;S\u00e9curit\u00e9&nbsp;\u00bb s\u00e9lectionnez le niveau souhait\u00e9<br>Mise \u00e0 jour<\/strong><\/p>\n\n\n\n<p><strong>Cette politique peut \u00eatre modifi\u00e9e et corrig\u00e9e. Merci de la consulter r\u00e9guli\u00e8rement afin d\u2019\u00eatre inform\u00e9 des modifications apport\u00e9es et de la mani\u00e8re dont celles-ci peuvent vous concerner.<\/strong><\/p>\n\n\n\n<h2 class=\"wp-block-heading\">Cr\u00e9dits<\/h2>\n\n\n\n<p><strong>Conception graphique\u00a0: Christian BUGNOT &#8211; Julien NACHOUKI \/ WordPress.com<br>R\u00e9alisation : Hestia<br>Cr\u00e9dits photos\u00a0: Association VERTICALE<\/strong><\/p>\n","protected":false},"excerpt":{"rendered":"<p>Site \u00e9dit\u00e9 par l\u2019Association Verticale\u00a9 2023 \u2013 ASSOCIATION VERTICALEL&rsquo;association VERTICALE est une association r\u00e9gie par la loi du 1er juillet 1901&nbsp;:B-22 Avenue Jean Moulin &#8211; 69520 GRIGNY Pr\u00e9sident de l\u2019association VERTICALE : Roger PHILIBERTrogerdimi@orange.fr Le contenu est h\u00e9berg\u00e9 sur les serveurs de la soci\u00e9t\u00e9 OVH dont le si\u00e8ge social est [&hellip;]<\/p>\n","protected":false},"author":1,"featured_media":0,"parent":0,"menu_order":0,"comment_status":"closed","ping_status":"closed","template":"","meta":{"footnotes":""},"class_list":["post-224","page","type-page","status-publish","hentry"],"yoast_head":"<!-- This site is optimized with the Yoast SEO plugin v27.4 - https:\/\/yoast.com\/product\/yoast-seo-wordpress\/ -->\n<title>Mentions l\u00e9gales - ASSOCIATION VERTICALE<\/title>\n<meta name=\"robots\" content=\"index, follow, max-snippet:-1, max-image-preview:large, max-video-preview:-1\" \/>\n<link rel=\"canonical\" href=\"https:\/\/associationverticale.com\/index.php\/mentions-legales\/\" \/>\n<meta property=\"og:locale\" content=\"fr_FR\" \/>\n<meta property=\"og:type\" content=\"article\" \/>\n<meta property=\"og:title\" content=\"Mentions l\u00e9gales - ASSOCIATION VERTICALE\" \/>\n<meta property=\"og:description\" content=\"Site \u00e9dit\u00e9 par l\u2019Association Verticale\u00a9 2023 \u2013 ASSOCIATION VERTICALEL&rsquo;association VERTICALE est une association r\u00e9gie par la loi du 1er juillet 1901&nbsp;:B-22 Avenue Jean Moulin &#8211; 69520 GRIGNY Pr\u00e9sident de l\u2019association VERTICALE : Roger PHILIBERTrogerdimi@orange.fr Le contenu est h\u00e9berg\u00e9 sur les serveurs de la soci\u00e9t\u00e9 OVH dont le si\u00e8ge social est [&hellip;]\" \/>\n<meta property=\"og:url\" content=\"https:\/\/associationverticale.com\/index.php\/mentions-legales\/\" \/>\n<meta property=\"og:site_name\" content=\"ASSOCIATION VERTICALE\" \/>\n<meta property=\"article:publisher\" content=\"https:\/\/www.facebook.com\/profile.php?id=100066388404898\" \/>\n<meta property=\"article:modified_time\" content=\"2023-05-29T17:53:59+00:00\" \/>\n<meta name=\"twitter:card\" content=\"summary_large_image\" \/>\n<meta name=\"twitter:label1\" content=\"Dur\u00e9e de lecture estim\u00e9e\" \/>\n\t<meta name=\"twitter:data1\" content=\"6 minutes\" \/>\n<script type=\"application\/ld+json\" class=\"yoast-schema-graph\">{\"@context\":\"https:\\\/\\\/schema.org\",\"@graph\":[{\"@type\":\"WebPage\",\"@id\":\"https:\\\/\\\/associationverticale.com\\\/index.php\\\/mentions-legales\\\/\",\"url\":\"https:\\\/\\\/associationverticale.com\\\/index.php\\\/mentions-legales\\\/\",\"name\":\"Mentions l\u00e9gales - ASSOCIATION VERTICALE\",\"isPartOf\":{\"@id\":\"https:\\\/\\\/associationverticale.com\\\/#website\"},\"datePublished\":\"2023-04-29T14:09:13+00:00\",\"dateModified\":\"2023-05-29T17:53:59+00:00\",\"breadcrumb\":{\"@id\":\"https:\\\/\\\/associationverticale.com\\\/index.php\\\/mentions-legales\\\/#breadcrumb\"},\"inLanguage\":\"fr-FR\",\"potentialAction\":[{\"@type\":\"ReadAction\",\"target\":[\"https:\\\/\\\/associationverticale.com\\\/index.php\\\/mentions-legales\\\/\"]}]},{\"@type\":\"BreadcrumbList\",\"@id\":\"https:\\\/\\\/associationverticale.com\\\/index.php\\\/mentions-legales\\\/#breadcrumb\",\"itemListElement\":[{\"@type\":\"ListItem\",\"position\":1,\"name\":\"Accueil\",\"item\":\"https:\\\/\\\/associationverticale.com\\\/\"},{\"@type\":\"ListItem\",\"position\":2,\"name\":\"Mentions l\u00e9gales\"}]},{\"@type\":\"WebSite\",\"@id\":\"https:\\\/\\\/associationverticale.com\\\/#website\",\"url\":\"https:\\\/\\\/associationverticale.com\\\/\",\"name\":\"ASSOCIATION VERTICALE\",\"description\":\"Soutien \u00e0 la recherche sur les traumatismes de la moelle \u00e9pini\u00e8re\",\"publisher\":{\"@id\":\"https:\\\/\\\/associationverticale.com\\\/#organization\"},\"potentialAction\":[{\"@type\":\"SearchAction\",\"target\":{\"@type\":\"EntryPoint\",\"urlTemplate\":\"https:\\\/\\\/associationverticale.com\\\/?s={search_term_string}\"},\"query-input\":{\"@type\":\"PropertyValueSpecification\",\"valueRequired\":true,\"valueName\":\"search_term_string\"}}],\"inLanguage\":\"fr-FR\"},{\"@type\":\"Organization\",\"@id\":\"https:\\\/\\\/associationverticale.com\\\/#organization\",\"name\":\"ASSOCIATION VERTICALE\",\"url\":\"https:\\\/\\\/associationverticale.com\\\/\",\"logo\":{\"@type\":\"ImageObject\",\"inLanguage\":\"fr-FR\",\"@id\":\"https:\\\/\\\/associationverticale.com\\\/#\\\/schema\\\/logo\\\/image\\\/\",\"url\":\"https:\\\/\\\/associationverticale.com\\\/wp-content\\\/uploads\\\/2023\\\/05\\\/cropped-Nouveau-logo-Verticale.jpg\",\"contentUrl\":\"https:\\\/\\\/associationverticale.com\\\/wp-content\\\/uploads\\\/2023\\\/05\\\/cropped-Nouveau-logo-Verticale.jpg\",\"width\":741,\"height\":666,\"caption\":\"ASSOCIATION VERTICALE\"},\"image\":{\"@id\":\"https:\\\/\\\/associationverticale.com\\\/#\\\/schema\\\/logo\\\/image\\\/\"},\"sameAs\":[\"https:\\\/\\\/www.facebook.com\\\/profile.php?id=100066388404898\"]}]}<\/script>\n<!-- \/ Yoast SEO plugin. -->","yoast_head_json":{"title":"Mentions l\u00e9gales - ASSOCIATION VERTICALE","robots":{"index":"index","follow":"follow","max-snippet":"max-snippet:-1","max-image-preview":"max-image-preview:large","max-video-preview":"max-video-preview:-1"},"canonical":"https:\/\/associationverticale.com\/index.php\/mentions-legales\/","og_locale":"fr_FR","og_type":"article","og_title":"Mentions l\u00e9gales - ASSOCIATION VERTICALE","og_description":"Site \u00e9dit\u00e9 par l\u2019Association Verticale\u00a9 2023 \u2013 ASSOCIATION VERTICALEL&rsquo;association VERTICALE est une association r\u00e9gie par la loi du 1er juillet 1901&nbsp;:B-22 Avenue Jean Moulin &#8211; 69520 GRIGNY Pr\u00e9sident de l\u2019association VERTICALE : Roger PHILIBERTrogerdimi@orange.fr Le contenu est h\u00e9berg\u00e9 sur les serveurs de la soci\u00e9t\u00e9 OVH dont le si\u00e8ge social est [&hellip;]","og_url":"https:\/\/associationverticale.com\/index.php\/mentions-legales\/","og_site_name":"ASSOCIATION VERTICALE","article_publisher":"https:\/\/www.facebook.com\/profile.php?id=100066388404898","article_modified_time":"2023-05-29T17:53:59+00:00","twitter_card":"summary_large_image","twitter_misc":{"Dur\u00e9e de lecture estim\u00e9e":"6 minutes"},"schema":{"@context":"https:\/\/schema.org","@graph":[{"@type":"WebPage","@id":"https:\/\/associationverticale.com\/index.php\/mentions-legales\/","url":"https:\/\/associationverticale.com\/index.php\/mentions-legales\/","name":"Mentions l\u00e9gales - ASSOCIATION VERTICALE","isPartOf":{"@id":"https:\/\/associationverticale.com\/#website"},"datePublished":"2023-04-29T14:09:13+00:00","dateModified":"2023-05-29T17:53:59+00:00","breadcrumb":{"@id":"https:\/\/associationverticale.com\/index.php\/mentions-legales\/#breadcrumb"},"inLanguage":"fr-FR","potentialAction":[{"@type":"ReadAction","target":["https:\/\/associationverticale.com\/index.php\/mentions-legales\/"]}]},{"@type":"BreadcrumbList","@id":"https:\/\/associationverticale.com\/index.php\/mentions-legales\/#breadcrumb","itemListElement":[{"@type":"ListItem","position":1,"name":"Accueil","item":"https:\/\/associationverticale.com\/"},{"@type":"ListItem","position":2,"name":"Mentions l\u00e9gales"}]},{"@type":"WebSite","@id":"https:\/\/associationverticale.com\/#website","url":"https:\/\/associationverticale.com\/","name":"ASSOCIATION VERTICALE","description":"Soutien \u00e0 la recherche sur les traumatismes de la moelle \u00e9pini\u00e8re","publisher":{"@id":"https:\/\/associationverticale.com\/#organization"},"potentialAction":[{"@type":"SearchAction","target":{"@type":"EntryPoint","urlTemplate":"https:\/\/associationverticale.com\/?s={search_term_string}"},"query-input":{"@type":"PropertyValueSpecification","valueRequired":true,"valueName":"search_term_string"}}],"inLanguage":"fr-FR"},{"@type":"Organization","@id":"https:\/\/associationverticale.com\/#organization","name":"ASSOCIATION VERTICALE","url":"https:\/\/associationverticale.com\/","logo":{"@type":"ImageObject","inLanguage":"fr-FR","@id":"https:\/\/associationverticale.com\/#\/schema\/logo\/image\/","url":"https:\/\/associationverticale.com\/wp-content\/uploads\/2023\/05\/cropped-Nouveau-logo-Verticale.jpg","contentUrl":"https:\/\/associationverticale.com\/wp-content\/uploads\/2023\/05\/cropped-Nouveau-logo-Verticale.jpg","width":741,"height":666,"caption":"ASSOCIATION VERTICALE"},"image":{"@id":"https:\/\/associationverticale.com\/#\/schema\/logo\/image\/"},"sameAs":["https:\/\/www.facebook.com\/profile.php?id=100066388404898"]}]}},"_links":{"self":[{"href":"https:\/\/associationverticale.com\/index.php\/wp-json\/wp\/v2\/pages\/224","targetHints":{"allow":["GET"]}}],"collection":[{"href":"https:\/\/associationverticale.com\/index.php\/wp-json\/wp\/v2\/pages"}],"about":[{"href":"https:\/\/associationverticale.com\/index.php\/wp-json\/wp\/v2\/types\/page"}],"author":[{"embeddable":true,"href":"https:\/\/associationverticale.com\/index.php\/wp-json\/wp\/v2\/users\/1"}],"replies":[{"embeddable":true,"href":"https:\/\/associationverticale.com\/index.php\/wp-json\/wp\/v2\/comments?post=224"}],"version-history":[{"count":7,"href":"https:\/\/associationverticale.com\/index.php\/wp-json\/wp\/v2\/pages\/224\/revisions"}],"predecessor-version":[{"id":1186,"href":"https:\/\/associationverticale.com\/index.php\/wp-json\/wp\/v2\/pages\/224\/revisions\/1186"}],"wp:attachment":[{"href":"https:\/\/associationverticale.com\/index.php\/wp-json\/wp\/v2\/media?parent=224"}],"curies":[{"name":"wp","href":"https:\/\/api.w.org\/{rel}","templated":true}]}}