{"id":247,"date":"2023-04-29T16:26:40","date_gmt":"2023-04-29T14:26:40","guid":{"rendered":"https:\/\/associationverticale.com\/?page_id=247"},"modified":"2024-07-11T18:42:06","modified_gmt":"2024-07-11T16:42:06","slug":"la-recherche-sur-les-traumatismes-de-la-moelle-epiniere","status":"publish","type":"page","link":"https:\/\/associationverticale.com\/index.php\/la-recherche-sur-les-traumatismes-de-la-moelle-epiniere\/","title":{"rendered":"La recherche"},"content":{"rendered":"\t\t<div data-elementor-type=\"wp-page\" data-elementor-id=\"247\" class=\"elementor elementor-247\">\n\t\t\t\t\t\t<section class=\"elementor-section elementor-top-section elementor-element elementor-element-46f969d7 elementor-section-boxed elementor-section-height-default elementor-section-height-default\" data-id=\"46f969d7\" data-element_type=\"section\" data-e-type=\"section\">\n\t\t\t\t\t\t<div class=\"elementor-container elementor-column-gap-default\">\n\t\t\t\t\t<div class=\"elementor-column elementor-col-100 elementor-top-column elementor-element elementor-element-20afcaf2\" data-id=\"20afcaf2\" data-element_type=\"column\" data-e-type=\"column\">\n\t\t\t<div class=\"elementor-widget-wrap elementor-element-populated\">\n\t\t\t\t\t\t<div class=\"elementor-element elementor-element-308025a3 elementor-widget elementor-widget-text-editor\" data-id=\"308025a3\" data-element_type=\"widget\" data-e-type=\"widget\" data-widget_type=\"text-editor.default\">\n\t\t\t\t<div class=\"elementor-widget-container\">\n\t\t\t\t\t\t\t\t\t<p><\/p>\n<p class=\"has-text-color\" style=\"color: #094024; font-size: 25px;\"><strong>La recherche, men\u00e9e par la Professeure Florence PERRIN de l&rsquo;Universit\u00e9 de Montpellier, s&rsquo;appuie sur la pr\u00e9vention des cons\u00e9quences li\u00e9es \u00e0 une l\u00e9sion de la moelle \u00e9pini\u00e8re. Il s&rsquo;agit d&rsquo;\u00e9viter qu&rsquo;une l\u00e9sion m\u00e9dullaire s&rsquo;aggrave et que le handicap soit plus cons\u00e9quent.<\/strong><\/p>\n<p><\/p>\n<p class=\"has-text-color\" style=\"color: #094024; font-size: 25px;\"><a href=\"https:\/\/www.iufrance.fr\/les-membres-de-liuf\/membre\/2145-florence-perrin.html\" target=\"_blank\" rel=\"noreferrer noopener\">Professeure Florence PERRIN, membre de l&rsquo;Institut Universitaire de France<\/a><\/p>\n<p><\/p>\n<p class=\"has-text-color\" style=\"color: #094024; font-size: 25px;\"><a href=\"https:\/\/www.ibn-lab.com\/fr\/lequipe\/3-team\/6-nicolas-lonjon\" target=\"_blank\" rel=\"noreferrer noopener\">Voir le C.V. de la Professeure Florence PERRIN<\/a><\/p>\n<p><\/p>\n<p><\/p>\n<p><strong><span style=\"color: #800080;\"><br><\/span><\/strong><\/p><p><strong><span style=\"color: #800080;\"><br><\/span><\/strong><\/p><p><strong><span style=\"color: #800080;\">Pour lire l&rsquo;article sur la Biologie Int\u00e9grative de la Neuror\u00e9g\u00e9nration, cliquez sur ce lien<\/span><\/strong><\/p>\n<p><strong>&nbsp;<a href=\"https:\/\/www.ibn-lab.com\/en\" target=\"_blank\" rel=\"noopener\" style=\"transition-property: all; color: #89229b; opacity: 0.75;\">https:\/\/www.ibn-lab.com\/en<\/a><\/strong><\/p>\n<p><\/p>\n<figure class=\"wp-block-gallery has-nested-images columns-default is-cropped wp-block-gallery-2 is-layout-flex wp-block-gallery-is-layout-flex\"><p><\/p>\n<figure class=\"wp-block-image size-large\"><img fetchpriority=\"high\" decoding=\"async\" width=\"1024\" height=\"706\" data-id=\"3694\" src=\"https:\/\/associationverticale.com\/wp-content\/uploads\/2024\/05\/Biologie-integrative-de-la-neuroregeneration-Professeure-PERRIN-Universite-de-Montpellier-1024x706.jpg\" alt=\"\" class=\"wp-image-3694\" srcset=\"https:\/\/associationverticale.com\/wp-content\/uploads\/2024\/05\/Biologie-integrative-de-la-neuroregeneration-Professeure-PERRIN-Universite-de-Montpellier-1024x706.jpg 1024w, https:\/\/associationverticale.com\/wp-content\/uploads\/2024\/05\/Biologie-integrative-de-la-neuroregeneration-Professeure-PERRIN-Universite-de-Montpellier-300x207.jpg 300w, https:\/\/associationverticale.com\/wp-content\/uploads\/2024\/05\/Biologie-integrative-de-la-neuroregeneration-Professeure-PERRIN-Universite-de-Montpellier-768x530.jpg 768w, https:\/\/associationverticale.com\/wp-content\/uploads\/2024\/05\/Biologie-integrative-de-la-neuroregeneration-Professeure-PERRIN-Universite-de-Montpellier.jpg 1119w\" sizes=\"(max-width: 1024px) 100vw, 1024px\" \/><p><\/p>\n<\/figure>\n<p><\/p>\n<\/figure>\n<p><\/p>\t\t\t\t\t\t\t\t<\/div>\n\t\t\t\t<\/div>\n\t\t\t\t\t<\/div>\n\t\t<\/div>\n\t\t\t\t\t<\/div>\n\t\t<\/section>\n\t\t\t\t<\/div>\n\t\t","protected":false},"excerpt":{"rendered":"<p>La recherche, men\u00e9e par la Professeure Florence PERRIN de l&rsquo;Universit\u00e9 de Montpellier, s&rsquo;appuie sur la pr\u00e9vention des cons\u00e9quences li\u00e9es \u00e0 une l\u00e9sion de la moelle \u00e9pini\u00e8re. Il s&rsquo;agit d&rsquo;\u00e9viter qu&rsquo;une l\u00e9sion m\u00e9dullaire s&rsquo;aggrave et que le handicap soit plus cons\u00e9quent. Professeure Florence PERRIN, membre de l&rsquo;Institut Universitaire de France Voir [&hellip;]<\/p>\n","protected":false},"author":1,"featured_media":0,"parent":0,"menu_order":0,"comment_status":"closed","ping_status":"closed","template":"","meta":{"footnotes":""},"class_list":["post-247","page","type-page","status-publish","hentry"],"yoast_head":"<!-- This site is optimized with the Yoast SEO plugin v27.3 - https:\/\/yoast.com\/product\/yoast-seo-wordpress\/ -->\n<title>La recherche - ASSOCIATION VERTICALE<\/title>\n<meta name=\"robots\" content=\"index, follow, max-snippet:-1, max-image-preview:large, max-video-preview:-1\" \/>\n<link rel=\"canonical\" href=\"https:\/\/associationverticale.com\/index.php\/la-recherche-sur-les-traumatismes-de-la-moelle-epiniere\/\" \/>\n<meta property=\"og:locale\" content=\"fr_FR\" \/>\n<meta property=\"og:type\" content=\"article\" \/>\n<meta property=\"og:title\" content=\"La recherche - ASSOCIATION VERTICALE\" \/>\n<meta property=\"og:description\" content=\"La recherche, men\u00e9e par la Professeure Florence PERRIN de l&rsquo;Universit\u00e9 de Montpellier, s&rsquo;appuie sur la pr\u00e9vention des cons\u00e9quences li\u00e9es \u00e0 une l\u00e9sion de la moelle \u00e9pini\u00e8re. Il s&rsquo;agit d&rsquo;\u00e9viter qu&rsquo;une l\u00e9sion m\u00e9dullaire s&rsquo;aggrave et que le handicap soit plus cons\u00e9quent. Professeure Florence PERRIN, membre de l&rsquo;Institut Universitaire de France Voir [&hellip;]\" \/>\n<meta property=\"og:url\" content=\"https:\/\/associationverticale.com\/index.php\/la-recherche-sur-les-traumatismes-de-la-moelle-epiniere\/\" \/>\n<meta property=\"og:site_name\" content=\"ASSOCIATION VERTICALE\" \/>\n<meta property=\"article:publisher\" content=\"https:\/\/www.facebook.com\/profile.php?id=100066388404898\" \/>\n<meta property=\"article:modified_time\" content=\"2024-07-11T16:42:06+00:00\" \/>\n<meta property=\"og:image\" content=\"https:\/\/associationverticale.com\/wp-content\/uploads\/2024\/05\/Biologie-integrative-de-la-neuroregeneration-Professeure-PERRIN-Universite-de-Montpellier-1024x706.jpg\" \/>\n<meta name=\"twitter:card\" content=\"summary_large_image\" \/>\n<meta name=\"twitter:label1\" content=\"Dur\u00e9e de lecture estim\u00e9e\" \/>\n\t<meta name=\"twitter:data1\" content=\"1 minute\" \/>\n<script type=\"application\/ld+json\" class=\"yoast-schema-graph\">{\"@context\":\"https:\\\/\\\/schema.org\",\"@graph\":[{\"@type\":\"WebPage\",\"@id\":\"https:\\\/\\\/associationverticale.com\\\/index.php\\\/la-recherche-sur-les-traumatismes-de-la-moelle-epiniere\\\/\",\"url\":\"https:\\\/\\\/associationverticale.com\\\/index.php\\\/la-recherche-sur-les-traumatismes-de-la-moelle-epiniere\\\/\",\"name\":\"La recherche - ASSOCIATION VERTICALE\",\"isPartOf\":{\"@id\":\"https:\\\/\\\/associationverticale.com\\\/#website\"},\"primaryImageOfPage\":{\"@id\":\"https:\\\/\\\/associationverticale.com\\\/index.php\\\/la-recherche-sur-les-traumatismes-de-la-moelle-epiniere\\\/#primaryimage\"},\"image\":{\"@id\":\"https:\\\/\\\/associationverticale.com\\\/index.php\\\/la-recherche-sur-les-traumatismes-de-la-moelle-epiniere\\\/#primaryimage\"},\"thumbnailUrl\":\"https:\\\/\\\/associationverticale.com\\\/wp-content\\\/uploads\\\/2024\\\/05\\\/Biologie-integrative-de-la-neuroregeneration-Professeure-PERRIN-Universite-de-Montpellier-1024x706.jpg\",\"datePublished\":\"2023-04-29T14:26:40+00:00\",\"dateModified\":\"2024-07-11T16:42:06+00:00\",\"breadcrumb\":{\"@id\":\"https:\\\/\\\/associationverticale.com\\\/index.php\\\/la-recherche-sur-les-traumatismes-de-la-moelle-epiniere\\\/#breadcrumb\"},\"inLanguage\":\"fr-FR\",\"potentialAction\":[{\"@type\":\"ReadAction\",\"target\":[\"https:\\\/\\\/associationverticale.com\\\/index.php\\\/la-recherche-sur-les-traumatismes-de-la-moelle-epiniere\\\/\"]}]},{\"@type\":\"ImageObject\",\"inLanguage\":\"fr-FR\",\"@id\":\"https:\\\/\\\/associationverticale.com\\\/index.php\\\/la-recherche-sur-les-traumatismes-de-la-moelle-epiniere\\\/#primaryimage\",\"url\":\"https:\\\/\\\/associationverticale.com\\\/wp-content\\\/uploads\\\/2024\\\/05\\\/Biologie-integrative-de-la-neuroregeneration-Professeure-PERRIN-Universite-de-Montpellier.jpg\",\"contentUrl\":\"https:\\\/\\\/associationverticale.com\\\/wp-content\\\/uploads\\\/2024\\\/05\\\/Biologie-integrative-de-la-neuroregeneration-Professeure-PERRIN-Universite-de-Montpellier.jpg\",\"width\":1119,\"height\":772},{\"@type\":\"BreadcrumbList\",\"@id\":\"https:\\\/\\\/associationverticale.com\\\/index.php\\\/la-recherche-sur-les-traumatismes-de-la-moelle-epiniere\\\/#breadcrumb\",\"itemListElement\":[{\"@type\":\"ListItem\",\"position\":1,\"name\":\"Accueil\",\"item\":\"https:\\\/\\\/associationverticale.com\\\/\"},{\"@type\":\"ListItem\",\"position\":2,\"name\":\"La recherche\"}]},{\"@type\":\"WebSite\",\"@id\":\"https:\\\/\\\/associationverticale.com\\\/#website\",\"url\":\"https:\\\/\\\/associationverticale.com\\\/\",\"name\":\"ASSOCIATION VERTICALE\",\"description\":\"Soutien \u00e0 la recherche sur les traumatismes de la moelle \u00e9pini\u00e8re\",\"publisher\":{\"@id\":\"https:\\\/\\\/associationverticale.com\\\/#organization\"},\"potentialAction\":[{\"@type\":\"SearchAction\",\"target\":{\"@type\":\"EntryPoint\",\"urlTemplate\":\"https:\\\/\\\/associationverticale.com\\\/?s={search_term_string}\"},\"query-input\":{\"@type\":\"PropertyValueSpecification\",\"valueRequired\":true,\"valueName\":\"search_term_string\"}}],\"inLanguage\":\"fr-FR\"},{\"@type\":\"Organization\",\"@id\":\"https:\\\/\\\/associationverticale.com\\\/#organization\",\"name\":\"ASSOCIATION VERTICALE\",\"url\":\"https:\\\/\\\/associationverticale.com\\\/\",\"logo\":{\"@type\":\"ImageObject\",\"inLanguage\":\"fr-FR\",\"@id\":\"https:\\\/\\\/associationverticale.com\\\/#\\\/schema\\\/logo\\\/image\\\/\",\"url\":\"https:\\\/\\\/associationverticale.com\\\/wp-content\\\/uploads\\\/2023\\\/05\\\/cropped-Nouveau-logo-Verticale.jpg\",\"contentUrl\":\"https:\\\/\\\/associationverticale.com\\\/wp-content\\\/uploads\\\/2023\\\/05\\\/cropped-Nouveau-logo-Verticale.jpg\",\"width\":741,\"height\":666,\"caption\":\"ASSOCIATION VERTICALE\"},\"image\":{\"@id\":\"https:\\\/\\\/associationverticale.com\\\/#\\\/schema\\\/logo\\\/image\\\/\"},\"sameAs\":[\"https:\\\/\\\/www.facebook.com\\\/profile.php?id=100066388404898\"]}]}<\/script>\n<!-- \/ Yoast SEO plugin. -->","yoast_head_json":{"title":"La recherche - ASSOCIATION VERTICALE","robots":{"index":"index","follow":"follow","max-snippet":"max-snippet:-1","max-image-preview":"max-image-preview:large","max-video-preview":"max-video-preview:-1"},"canonical":"https:\/\/associationverticale.com\/index.php\/la-recherche-sur-les-traumatismes-de-la-moelle-epiniere\/","og_locale":"fr_FR","og_type":"article","og_title":"La recherche - ASSOCIATION VERTICALE","og_description":"La recherche, men\u00e9e par la Professeure Florence PERRIN de l&rsquo;Universit\u00e9 de Montpellier, s&rsquo;appuie sur la pr\u00e9vention des cons\u00e9quences li\u00e9es \u00e0 une l\u00e9sion de la moelle \u00e9pini\u00e8re. Il s&rsquo;agit d&rsquo;\u00e9viter qu&rsquo;une l\u00e9sion m\u00e9dullaire s&rsquo;aggrave et que le handicap soit plus cons\u00e9quent. Professeure Florence PERRIN, membre de l&rsquo;Institut Universitaire de France Voir [&hellip;]","og_url":"https:\/\/associationverticale.com\/index.php\/la-recherche-sur-les-traumatismes-de-la-moelle-epiniere\/","og_site_name":"ASSOCIATION VERTICALE","article_publisher":"https:\/\/www.facebook.com\/profile.php?id=100066388404898","article_modified_time":"2024-07-11T16:42:06+00:00","og_image":[{"url":"https:\/\/associationverticale.com\/wp-content\/uploads\/2024\/05\/Biologie-integrative-de-la-neuroregeneration-Professeure-PERRIN-Universite-de-Montpellier-1024x706.jpg","type":"","width":"","height":""}],"twitter_card":"summary_large_image","twitter_misc":{"Dur\u00e9e de lecture estim\u00e9e":"1 minute"},"schema":{"@context":"https:\/\/schema.org","@graph":[{"@type":"WebPage","@id":"https:\/\/associationverticale.com\/index.php\/la-recherche-sur-les-traumatismes-de-la-moelle-epiniere\/","url":"https:\/\/associationverticale.com\/index.php\/la-recherche-sur-les-traumatismes-de-la-moelle-epiniere\/","name":"La recherche - ASSOCIATION VERTICALE","isPartOf":{"@id":"https:\/\/associationverticale.com\/#website"},"primaryImageOfPage":{"@id":"https:\/\/associationverticale.com\/index.php\/la-recherche-sur-les-traumatismes-de-la-moelle-epiniere\/#primaryimage"},"image":{"@id":"https:\/\/associationverticale.com\/index.php\/la-recherche-sur-les-traumatismes-de-la-moelle-epiniere\/#primaryimage"},"thumbnailUrl":"https:\/\/associationverticale.com\/wp-content\/uploads\/2024\/05\/Biologie-integrative-de-la-neuroregeneration-Professeure-PERRIN-Universite-de-Montpellier-1024x706.jpg","datePublished":"2023-04-29T14:26:40+00:00","dateModified":"2024-07-11T16:42:06+00:00","breadcrumb":{"@id":"https:\/\/associationverticale.com\/index.php\/la-recherche-sur-les-traumatismes-de-la-moelle-epiniere\/#breadcrumb"},"inLanguage":"fr-FR","potentialAction":[{"@type":"ReadAction","target":["https:\/\/associationverticale.com\/index.php\/la-recherche-sur-les-traumatismes-de-la-moelle-epiniere\/"]}]},{"@type":"ImageObject","inLanguage":"fr-FR","@id":"https:\/\/associationverticale.com\/index.php\/la-recherche-sur-les-traumatismes-de-la-moelle-epiniere\/#primaryimage","url":"https:\/\/associationverticale.com\/wp-content\/uploads\/2024\/05\/Biologie-integrative-de-la-neuroregeneration-Professeure-PERRIN-Universite-de-Montpellier.jpg","contentUrl":"https:\/\/associationverticale.com\/wp-content\/uploads\/2024\/05\/Biologie-integrative-de-la-neuroregeneration-Professeure-PERRIN-Universite-de-Montpellier.jpg","width":1119,"height":772},{"@type":"BreadcrumbList","@id":"https:\/\/associationverticale.com\/index.php\/la-recherche-sur-les-traumatismes-de-la-moelle-epiniere\/#breadcrumb","itemListElement":[{"@type":"ListItem","position":1,"name":"Accueil","item":"https:\/\/associationverticale.com\/"},{"@type":"ListItem","position":2,"name":"La recherche"}]},{"@type":"WebSite","@id":"https:\/\/associationverticale.com\/#website","url":"https:\/\/associationverticale.com\/","name":"ASSOCIATION VERTICALE","description":"Soutien \u00e0 la recherche sur les traumatismes de la moelle \u00e9pini\u00e8re","publisher":{"@id":"https:\/\/associationverticale.com\/#organization"},"potentialAction":[{"@type":"SearchAction","target":{"@type":"EntryPoint","urlTemplate":"https:\/\/associationverticale.com\/?s={search_term_string}"},"query-input":{"@type":"PropertyValueSpecification","valueRequired":true,"valueName":"search_term_string"}}],"inLanguage":"fr-FR"},{"@type":"Organization","@id":"https:\/\/associationverticale.com\/#organization","name":"ASSOCIATION VERTICALE","url":"https:\/\/associationverticale.com\/","logo":{"@type":"ImageObject","inLanguage":"fr-FR","@id":"https:\/\/associationverticale.com\/#\/schema\/logo\/image\/","url":"https:\/\/associationverticale.com\/wp-content\/uploads\/2023\/05\/cropped-Nouveau-logo-Verticale.jpg","contentUrl":"https:\/\/associationverticale.com\/wp-content\/uploads\/2023\/05\/cropped-Nouveau-logo-Verticale.jpg","width":741,"height":666,"caption":"ASSOCIATION VERTICALE"},"image":{"@id":"https:\/\/associationverticale.com\/#\/schema\/logo\/image\/"},"sameAs":["https:\/\/www.facebook.com\/profile.php?id=100066388404898"]}]}},"_links":{"self":[{"href":"https:\/\/associationverticale.com\/index.php\/wp-json\/wp\/v2\/pages\/247","targetHints":{"allow":["GET"]}}],"collection":[{"href":"https:\/\/associationverticale.com\/index.php\/wp-json\/wp\/v2\/pages"}],"about":[{"href":"https:\/\/associationverticale.com\/index.php\/wp-json\/wp\/v2\/types\/page"}],"author":[{"embeddable":true,"href":"https:\/\/associationverticale.com\/index.php\/wp-json\/wp\/v2\/users\/1"}],"replies":[{"embeddable":true,"href":"https:\/\/associationverticale.com\/index.php\/wp-json\/wp\/v2\/comments?post=247"}],"version-history":[{"count":29,"href":"https:\/\/associationverticale.com\/index.php\/wp-json\/wp\/v2\/pages\/247\/revisions"}],"predecessor-version":[{"id":3779,"href":"https:\/\/associationverticale.com\/index.php\/wp-json\/wp\/v2\/pages\/247\/revisions\/3779"}],"wp:attachment":[{"href":"https:\/\/associationverticale.com\/index.php\/wp-json\/wp\/v2\/media?parent=247"}],"curies":[{"name":"wp","href":"https:\/\/api.w.org\/{rel}","templated":true}]}}