{"id":563,"date":"2023-05-05T15:54:03","date_gmt":"2023-05-05T13:54:03","guid":{"rendered":"https:\/\/associationverticale.com\/?page_id=563"},"modified":"2024-07-11T18:46:04","modified_gmt":"2024-07-11T16:46:04","slug":"historique-de-lassociation-verticale","status":"publish","type":"page","link":"https:\/\/associationverticale.com\/index.php\/historique-de-lassociation-verticale\/","title":{"rendered":"HISTORIQUE DE VERTICALE"},"content":{"rendered":"\t\t<div data-elementor-type=\"wp-page\" data-elementor-id=\"563\" class=\"elementor elementor-563\">\n\t\t\t\t\t\t<section class=\"elementor-section elementor-top-section elementor-element elementor-element-70eea3c8 elementor-section-boxed elementor-section-height-default elementor-section-height-default\" data-id=\"70eea3c8\" data-element_type=\"section\" data-e-type=\"section\">\n\t\t\t\t\t\t<div class=\"elementor-container elementor-column-gap-default\">\n\t\t\t\t\t<div class=\"elementor-column elementor-col-100 elementor-top-column elementor-element elementor-element-5781fb34\" data-id=\"5781fb34\" data-element_type=\"column\" data-e-type=\"column\">\n\t\t\t<div class=\"elementor-widget-wrap elementor-element-populated\">\n\t\t\t\t\t\t<div class=\"elementor-element elementor-element-622468d9 elementor-widget elementor-widget-text-editor\" data-id=\"622468d9\" data-element_type=\"widget\" data-e-type=\"widget\" data-widget_type=\"text-editor.default\">\n\t\t\t\t<div class=\"elementor-widget-container\">\n\t\t\t\t\t\t\t\t\t\n<p class=\"has-medium-font-size\">Retrouvez sur cette page comment est n\u00e9e l&rsquo;association Verticale et quels sont aujourd&rsquo;hui ses actions et ses r\u00e9sultats pour soutenir la recherche sur les traumatismes de la moelle \u00e9pini\u00e8re.<\/p>\n\n<p class=\"has-medium-font-size\">Parcourez la galerie de photos, des plus anciennes aux plus r\u00e9centes et retrouvez tous les exercices financiers, ann\u00e9e apr\u00e8s ann\u00e9e, de l&rsquo;association VERTICALE. Son ma\u00eetre mot, agir en toute transparence et ne poursuivre qu&rsquo;un seul objectif: \u00e9viter qu&rsquo;un accident\u00e9 aujourd&rsquo;hui ne soit un handicap\u00e9 demain.<\/p>\n\n<p style=\"font-size: 27px;\"><strong>Naissance de l&rsquo;association VERTICALE<\/strong><\/p>\n\n<p class=\"has-medium-font-size\">La naissance de l&rsquo;association VERTICALE est li\u00e9e \u00e0 une flamme\u00a0: la flamme de l&rsquo;espoir et de l&rsquo;amiti\u00e9.<\/p>\n\n<p class=\"has-medium-font-size\">Au printemps de l&rsquo;ann\u00e9e 1990, Serge CAPDEVIELLE, originaire de la r\u00e9gion St\u00e9phanoise cr\u00e9e une association afin d&rsquo;aller chercher \u00e0 ATHENES la flamme de l&rsquo;espoir et de l&rsquo;amiti\u00e9 pour la c\u00e9r\u00e9monie d&rsquo;ouverture des championnats du monde handisport qui se d\u00e9rouleront du 4 au 11 juillet \u00e0 Saint-\u00c9tienne (Loire) regroupant mille deux cents athl\u00e8tes venus de trente-sept pays.<\/p>\n\n<p class=\"has-medium-font-size\">Il faut rappeler que plusieurs \u00e9ditions de jeux internationaux pour les personnes handicap\u00e9es physiques (jeux europ\u00e9ens de 1966, jeux mondiaux de 1970 et 1975 et ces championnats du monde de 1990) se sont d\u00e9roul\u00e9s \u00e0 Saint-\u00c9tienne.<\/p>\n\n<p class=\"has-medium-font-size\">Mais qui ira chercher la flamme\u00a0?<\/p>\n\n<p class=\"has-medium-font-size\">Pourquoi ne pas demander \u00e0 Roger PHILIBERT, ce sportif handicap\u00e9 qui force l&rsquo;admiration en s&rsquo;entra\u00eenant sur les bords du Rh\u00f4ne, tout pr\u00e8s de Lyon, \u00e0 Grigny\u00a0?<\/p>\n\n<p class=\"has-medium-font-size\">Tr\u00e8s honor\u00e9, Roger accepte et rapportera la flamme de l&rsquo;espoir et de l&rsquo;amiti\u00e9. Il parcourra des kilom\u00e8tres jour et nuit en se propulsant sur son fauteuil roulant, offert pour l&rsquo;occasion par Christian DUBU, un chef d&rsquo;entreprise impliqu\u00e9 dans l&rsquo;organisation de ces championnats.<\/p>\n\n<p class=\"has-medium-font-size\">Tout le monde croyait que c&rsquo;\u00e9tait la flamme olympique et Roger \u00e9tait accueilli avec une ferveur exceptionnelle dans toutes les localit\u00e9s travers\u00e9es.<\/p>\n\n<p class=\"has-medium-font-size\">Et comme un symbole, cette flamme fut remise \u00e0 une jeune fille qui alluma la vasque de ces championnats.<\/p>\n\n<p><a href=\"https:\/\/www.lemonde.fr\/archives\/article\/1990\/07\/14\/les-championnats-du-monde-handisport-handicapes-et-sportifs_3991413_1819218.html\" target=\"_blank\" rel=\"noopener\">https:\/\/www.lemonde.fr\/archives\/article\/1990\/07\/14\/les-championnats-du-monde-handisport-handicapes-et-sportifs_3991413_1819218.html<\/a><\/p>\n\n<p class=\"has-text-color\" style=\"color: #333ce3; font-size: 18px;\">Les championnats du monde handisport de Saint-\u00c9tienne, les premiers \u00e0 int\u00e9grer les comp\u00e9titeurs de moins de dix-huit ans, ont ainsi oscill\u00e9 cette ann\u00e9e entre la cause humanitaire et l&rsquo;\u00e9v\u00e9nement sportif. \u00a0\u00bb C&rsquo;est un championnat du monde et non un jamboree ou une kermesse, affirme M. Max Rieu, chef de la d\u00e9l\u00e9gation fran\u00e7aise. Nous avons des athl\u00e8tes exceptionnels, mais diff\u00e9rents.<\/p>\n\n<p class=\"has-medium-font-size\">Une autre flamme s&rsquo;est \u00e9clair\u00e9e dans les yeux de Christian DUBU qui ne voulait pas s&rsquo;arr\u00eater l\u00e0.<\/p>\n\n<p class=\"has-medium-font-size\">Pourquoi ne pas servir une bonne cause et continuer \u00e0 sillonner les routes, faire des raids et sensibiliser les gens \u00e0 la recherche scientifique sur les traumatismes de la moelle \u00e9pini\u00e8re\u00a0?<\/p>\n\n<p class=\"has-medium-font-size\">Roger \u00e9tait d&rsquo;accord. Il serait le coureur.<\/p>\n\n<p class=\"has-medium-font-size\">Christian, le pr\u00e9sident.<\/p>\n\n<p class=\"has-medium-font-size\">Le scientifique\u00a0? Il ne pouvait s&rsquo;agir que d&rsquo;Alain PRIVAT, professeur \u00e9m\u00e9rite \u00e0 l&rsquo;INSERM de l&rsquo;Universit\u00e9 de Montpellier qui travaillait sur des r\u00e9sultats tr\u00e8s prometteurs pour \u00e9viter l&rsquo;aggravation d&rsquo;une l\u00e9sion de la moelle \u00e9pini\u00e8re.<\/p>\n<div class=\"wp-block-image\">\n<figure class=\"aligncenter size-full\"><img fetchpriority=\"high\" decoding=\"async\" width=\"904\" height=\"597\" src=\"https:\/\/associationverticale.com\/wp-content\/uploads\/2023\/05\/Les-fondateurs-de-lAssociation-VERTICALE-1991.jpg\" alt=\"\" class=\"wp-image-951\" srcset=\"https:\/\/associationverticale.com\/wp-content\/uploads\/2023\/05\/Les-fondateurs-de-lAssociation-VERTICALE-1991.jpg 904w, https:\/\/associationverticale.com\/wp-content\/uploads\/2023\/05\/Les-fondateurs-de-lAssociation-VERTICALE-1991-300x198.jpg 300w, https:\/\/associationverticale.com\/wp-content\/uploads\/2023\/05\/Les-fondateurs-de-lAssociation-VERTICALE-1991-768x507.jpg 768w\" sizes=\"(max-width: 904px) 100vw, 904px\" \/>\n<figcaption class=\"wp-element-caption\"><strong>Les fondateurs de l&rsquo;Association VERTICALE en 1991<\/strong><\/figcaption>\n<\/figure>\n<\/div>\n<p class=\"has-medium-font-size\">Christian, Serge, Roger et 7 autres volontaires ont ainsi fond\u00e9 l&rsquo;association VERTICALE. Par la suite, de nombreux b\u00e9n\u00e9voles les ont rejoint, ayant \u00e0 c\u0153ur de porter la voix de leur soutien \u00e0 la recherche.<\/p>\n\n<p class=\"has-medium-font-size\">En 1995, Roger PHILIBERT prendra la pr\u00e9sidence et plus tard Alain PRIVAT passera la main \u00e0 la professeure Florence PERRIN qui poursuit aujourd&rsquo;hui sans rel\u00e2che ses travaux au sein de l&rsquo;Universit\u00e9 de Montpellier avec le soutien ind\u00e9fectible de l&rsquo;Association VERTICALE.<\/p>\n\t\t\t\t\t\t\t\t<\/div>\n\t\t\t\t<\/div>\n\t\t\t\t\t<\/div>\n\t\t<\/div>\n\t\t\t\t\t<\/div>\n\t\t<\/section>\n\t\t\t\t<\/div>\n\t\t","protected":false},"excerpt":{"rendered":"<p>Retrouvez sur cette page comment est n\u00e9e l&rsquo;association Verticale et quels sont aujourd&rsquo;hui ses actions et ses r\u00e9sultats pour soutenir la recherche sur les traumatismes de la moelle \u00e9pini\u00e8re. Parcourez la galerie de photos, des plus anciennes aux plus r\u00e9centes et retrouvez tous les exercices financiers, ann\u00e9e apr\u00e8s ann\u00e9e, de [&hellip;]<\/p>\n","protected":false},"author":1,"featured_media":0,"parent":0,"menu_order":0,"comment_status":"closed","ping_status":"closed","template":"","meta":{"footnotes":""},"class_list":["post-563","page","type-page","status-publish","hentry"],"yoast_head":"<!-- This site is optimized with the Yoast SEO plugin v27.4 - https:\/\/yoast.com\/product\/yoast-seo-wordpress\/ -->\n<title>HISTORIQUE DE VERTICALE - ASSOCIATION VERTICALE<\/title>\n<meta name=\"robots\" content=\"index, follow, max-snippet:-1, max-image-preview:large, max-video-preview:-1\" \/>\n<link rel=\"canonical\" href=\"https:\/\/associationverticale.com\/index.php\/historique-de-lassociation-verticale\/\" \/>\n<meta property=\"og:locale\" content=\"fr_FR\" \/>\n<meta property=\"og:type\" content=\"article\" \/>\n<meta property=\"og:title\" content=\"HISTORIQUE DE VERTICALE - ASSOCIATION VERTICALE\" \/>\n<meta property=\"og:description\" content=\"Retrouvez sur cette page comment est n\u00e9e l&rsquo;association Verticale et quels sont aujourd&rsquo;hui ses actions et ses r\u00e9sultats pour soutenir la recherche sur les traumatismes de la moelle \u00e9pini\u00e8re. Parcourez la galerie de photos, des plus anciennes aux plus r\u00e9centes et retrouvez tous les exercices financiers, ann\u00e9e apr\u00e8s ann\u00e9e, de [&hellip;]\" \/>\n<meta property=\"og:url\" content=\"https:\/\/associationverticale.com\/index.php\/historique-de-lassociation-verticale\/\" \/>\n<meta property=\"og:site_name\" content=\"ASSOCIATION VERTICALE\" \/>\n<meta property=\"article:publisher\" content=\"https:\/\/www.facebook.com\/profile.php?id=100066388404898\" \/>\n<meta property=\"article:modified_time\" content=\"2024-07-11T16:46:04+00:00\" \/>\n<meta property=\"og:image\" content=\"https:\/\/associationverticale.com\/wp-content\/uploads\/2023\/05\/Les-fondateurs-de-lAssociation-VERTICALE-1991.jpg\" \/>\n<meta name=\"twitter:card\" content=\"summary_large_image\" \/>\n<meta name=\"twitter:label1\" content=\"Dur\u00e9e de lecture estim\u00e9e\" \/>\n\t<meta name=\"twitter:data1\" content=\"3 minutes\" \/>\n<script type=\"application\/ld+json\" class=\"yoast-schema-graph\">{\"@context\":\"https:\\\/\\\/schema.org\",\"@graph\":[{\"@type\":\"WebPage\",\"@id\":\"https:\\\/\\\/associationverticale.com\\\/index.php\\\/historique-de-lassociation-verticale\\\/\",\"url\":\"https:\\\/\\\/associationverticale.com\\\/index.php\\\/historique-de-lassociation-verticale\\\/\",\"name\":\"HISTORIQUE DE VERTICALE - ASSOCIATION VERTICALE\",\"isPartOf\":{\"@id\":\"https:\\\/\\\/associationverticale.com\\\/#website\"},\"primaryImageOfPage\":{\"@id\":\"https:\\\/\\\/associationverticale.com\\\/index.php\\\/historique-de-lassociation-verticale\\\/#primaryimage\"},\"image\":{\"@id\":\"https:\\\/\\\/associationverticale.com\\\/index.php\\\/historique-de-lassociation-verticale\\\/#primaryimage\"},\"thumbnailUrl\":\"https:\\\/\\\/associationverticale.com\\\/wp-content\\\/uploads\\\/2023\\\/05\\\/Les-fondateurs-de-lAssociation-VERTICALE-1991.jpg\",\"datePublished\":\"2023-05-05T13:54:03+00:00\",\"dateModified\":\"2024-07-11T16:46:04+00:00\",\"breadcrumb\":{\"@id\":\"https:\\\/\\\/associationverticale.com\\\/index.php\\\/historique-de-lassociation-verticale\\\/#breadcrumb\"},\"inLanguage\":\"fr-FR\",\"potentialAction\":[{\"@type\":\"ReadAction\",\"target\":[\"https:\\\/\\\/associationverticale.com\\\/index.php\\\/historique-de-lassociation-verticale\\\/\"]}]},{\"@type\":\"ImageObject\",\"inLanguage\":\"fr-FR\",\"@id\":\"https:\\\/\\\/associationverticale.com\\\/index.php\\\/historique-de-lassociation-verticale\\\/#primaryimage\",\"url\":\"https:\\\/\\\/associationverticale.com\\\/wp-content\\\/uploads\\\/2023\\\/05\\\/Les-fondateurs-de-lAssociation-VERTICALE-1991.jpg\",\"contentUrl\":\"https:\\\/\\\/associationverticale.com\\\/wp-content\\\/uploads\\\/2023\\\/05\\\/Les-fondateurs-de-lAssociation-VERTICALE-1991.jpg\"},{\"@type\":\"BreadcrumbList\",\"@id\":\"https:\\\/\\\/associationverticale.com\\\/index.php\\\/historique-de-lassociation-verticale\\\/#breadcrumb\",\"itemListElement\":[{\"@type\":\"ListItem\",\"position\":1,\"name\":\"Accueil\",\"item\":\"https:\\\/\\\/associationverticale.com\\\/\"},{\"@type\":\"ListItem\",\"position\":2,\"name\":\"HISTORIQUE DE VERTICALE\"}]},{\"@type\":\"WebSite\",\"@id\":\"https:\\\/\\\/associationverticale.com\\\/#website\",\"url\":\"https:\\\/\\\/associationverticale.com\\\/\",\"name\":\"ASSOCIATION VERTICALE\",\"description\":\"Soutien \u00e0 la recherche sur les traumatismes de la moelle \u00e9pini\u00e8re\",\"publisher\":{\"@id\":\"https:\\\/\\\/associationverticale.com\\\/#organization\"},\"potentialAction\":[{\"@type\":\"SearchAction\",\"target\":{\"@type\":\"EntryPoint\",\"urlTemplate\":\"https:\\\/\\\/associationverticale.com\\\/?s={search_term_string}\"},\"query-input\":{\"@type\":\"PropertyValueSpecification\",\"valueRequired\":true,\"valueName\":\"search_term_string\"}}],\"inLanguage\":\"fr-FR\"},{\"@type\":\"Organization\",\"@id\":\"https:\\\/\\\/associationverticale.com\\\/#organization\",\"name\":\"ASSOCIATION VERTICALE\",\"url\":\"https:\\\/\\\/associationverticale.com\\\/\",\"logo\":{\"@type\":\"ImageObject\",\"inLanguage\":\"fr-FR\",\"@id\":\"https:\\\/\\\/associationverticale.com\\\/#\\\/schema\\\/logo\\\/image\\\/\",\"url\":\"https:\\\/\\\/associationverticale.com\\\/wp-content\\\/uploads\\\/2023\\\/05\\\/cropped-Nouveau-logo-Verticale.jpg\",\"contentUrl\":\"https:\\\/\\\/associationverticale.com\\\/wp-content\\\/uploads\\\/2023\\\/05\\\/cropped-Nouveau-logo-Verticale.jpg\",\"width\":741,\"height\":666,\"caption\":\"ASSOCIATION VERTICALE\"},\"image\":{\"@id\":\"https:\\\/\\\/associationverticale.com\\\/#\\\/schema\\\/logo\\\/image\\\/\"},\"sameAs\":[\"https:\\\/\\\/www.facebook.com\\\/profile.php?id=100066388404898\"]}]}<\/script>\n<!-- \/ Yoast SEO plugin. -->","yoast_head_json":{"title":"HISTORIQUE DE VERTICALE - ASSOCIATION VERTICALE","robots":{"index":"index","follow":"follow","max-snippet":"max-snippet:-1","max-image-preview":"max-image-preview:large","max-video-preview":"max-video-preview:-1"},"canonical":"https:\/\/associationverticale.com\/index.php\/historique-de-lassociation-verticale\/","og_locale":"fr_FR","og_type":"article","og_title":"HISTORIQUE DE VERTICALE - ASSOCIATION VERTICALE","og_description":"Retrouvez sur cette page comment est n\u00e9e l&rsquo;association Verticale et quels sont aujourd&rsquo;hui ses actions et ses r\u00e9sultats pour soutenir la recherche sur les traumatismes de la moelle \u00e9pini\u00e8re. Parcourez la galerie de photos, des plus anciennes aux plus r\u00e9centes et retrouvez tous les exercices financiers, ann\u00e9e apr\u00e8s ann\u00e9e, de [&hellip;]","og_url":"https:\/\/associationverticale.com\/index.php\/historique-de-lassociation-verticale\/","og_site_name":"ASSOCIATION VERTICALE","article_publisher":"https:\/\/www.facebook.com\/profile.php?id=100066388404898","article_modified_time":"2024-07-11T16:46:04+00:00","og_image":[{"url":"https:\/\/associationverticale.com\/wp-content\/uploads\/2023\/05\/Les-fondateurs-de-lAssociation-VERTICALE-1991.jpg","type":"","width":"","height":""}],"twitter_card":"summary_large_image","twitter_misc":{"Dur\u00e9e de lecture estim\u00e9e":"3 minutes"},"schema":{"@context":"https:\/\/schema.org","@graph":[{"@type":"WebPage","@id":"https:\/\/associationverticale.com\/index.php\/historique-de-lassociation-verticale\/","url":"https:\/\/associationverticale.com\/index.php\/historique-de-lassociation-verticale\/","name":"HISTORIQUE DE VERTICALE - ASSOCIATION VERTICALE","isPartOf":{"@id":"https:\/\/associationverticale.com\/#website"},"primaryImageOfPage":{"@id":"https:\/\/associationverticale.com\/index.php\/historique-de-lassociation-verticale\/#primaryimage"},"image":{"@id":"https:\/\/associationverticale.com\/index.php\/historique-de-lassociation-verticale\/#primaryimage"},"thumbnailUrl":"https:\/\/associationverticale.com\/wp-content\/uploads\/2023\/05\/Les-fondateurs-de-lAssociation-VERTICALE-1991.jpg","datePublished":"2023-05-05T13:54:03+00:00","dateModified":"2024-07-11T16:46:04+00:00","breadcrumb":{"@id":"https:\/\/associationverticale.com\/index.php\/historique-de-lassociation-verticale\/#breadcrumb"},"inLanguage":"fr-FR","potentialAction":[{"@type":"ReadAction","target":["https:\/\/associationverticale.com\/index.php\/historique-de-lassociation-verticale\/"]}]},{"@type":"ImageObject","inLanguage":"fr-FR","@id":"https:\/\/associationverticale.com\/index.php\/historique-de-lassociation-verticale\/#primaryimage","url":"https:\/\/associationverticale.com\/wp-content\/uploads\/2023\/05\/Les-fondateurs-de-lAssociation-VERTICALE-1991.jpg","contentUrl":"https:\/\/associationverticale.com\/wp-content\/uploads\/2023\/05\/Les-fondateurs-de-lAssociation-VERTICALE-1991.jpg"},{"@type":"BreadcrumbList","@id":"https:\/\/associationverticale.com\/index.php\/historique-de-lassociation-verticale\/#breadcrumb","itemListElement":[{"@type":"ListItem","position":1,"name":"Accueil","item":"https:\/\/associationverticale.com\/"},{"@type":"ListItem","position":2,"name":"HISTORIQUE DE VERTICALE"}]},{"@type":"WebSite","@id":"https:\/\/associationverticale.com\/#website","url":"https:\/\/associationverticale.com\/","name":"ASSOCIATION VERTICALE","description":"Soutien \u00e0 la recherche sur les traumatismes de la moelle \u00e9pini\u00e8re","publisher":{"@id":"https:\/\/associationverticale.com\/#organization"},"potentialAction":[{"@type":"SearchAction","target":{"@type":"EntryPoint","urlTemplate":"https:\/\/associationverticale.com\/?s={search_term_string}"},"query-input":{"@type":"PropertyValueSpecification","valueRequired":true,"valueName":"search_term_string"}}],"inLanguage":"fr-FR"},{"@type":"Organization","@id":"https:\/\/associationverticale.com\/#organization","name":"ASSOCIATION VERTICALE","url":"https:\/\/associationverticale.com\/","logo":{"@type":"ImageObject","inLanguage":"fr-FR","@id":"https:\/\/associationverticale.com\/#\/schema\/logo\/image\/","url":"https:\/\/associationverticale.com\/wp-content\/uploads\/2023\/05\/cropped-Nouveau-logo-Verticale.jpg","contentUrl":"https:\/\/associationverticale.com\/wp-content\/uploads\/2023\/05\/cropped-Nouveau-logo-Verticale.jpg","width":741,"height":666,"caption":"ASSOCIATION VERTICALE"},"image":{"@id":"https:\/\/associationverticale.com\/#\/schema\/logo\/image\/"},"sameAs":["https:\/\/www.facebook.com\/profile.php?id=100066388404898"]}]}},"_links":{"self":[{"href":"https:\/\/associationverticale.com\/index.php\/wp-json\/wp\/v2\/pages\/563","targetHints":{"allow":["GET"]}}],"collection":[{"href":"https:\/\/associationverticale.com\/index.php\/wp-json\/wp\/v2\/pages"}],"about":[{"href":"https:\/\/associationverticale.com\/index.php\/wp-json\/wp\/v2\/types\/page"}],"author":[{"embeddable":true,"href":"https:\/\/associationverticale.com\/index.php\/wp-json\/wp\/v2\/users\/1"}],"replies":[{"embeddable":true,"href":"https:\/\/associationverticale.com\/index.php\/wp-json\/wp\/v2\/comments?post=563"}],"version-history":[{"count":10,"href":"https:\/\/associationverticale.com\/index.php\/wp-json\/wp\/v2\/pages\/563\/revisions"}],"predecessor-version":[{"id":3782,"href":"https:\/\/associationverticale.com\/index.php\/wp-json\/wp\/v2\/pages\/563\/revisions\/3782"}],"wp:attachment":[{"href":"https:\/\/associationverticale.com\/index.php\/wp-json\/wp\/v2\/media?parent=563"}],"curies":[{"name":"wp","href":"https:\/\/api.w.org\/{rel}","templated":true}]}}