{"id":566,"date":"2023-05-05T16:01:04","date_gmt":"2023-05-05T14:01:04","guid":{"rendered":"https:\/\/associationverticale.com\/?page_id=566"},"modified":"2025-05-22T15:18:26","modified_gmt":"2025-05-22T13:18:26","slug":"rapports-financiers-annuels-et-destination-des-fons-recueillis","status":"publish","type":"page","link":"https:\/\/associationverticale.com\/index.php\/rapports-financiers-annuels-et-destination-des-fons-recueillis\/","title":{"rendered":"Rapports financiers annuels et destination des fonds recueillis"},"content":{"rendered":"\n<p class=\"has-text-align-center has-text-color\" style=\"color:#c41010;font-size:23px\"><strong>Rapports financiers de 2005 \u00e0 nos jours<\/strong><\/p>\n\n\n\n<p class=\"has-text-color\" style=\"color:#c41010;font-size:23px\"><a href=\"https:\/\/associationverticale.com\/wp-content\/uploads\/2023\/05\/Annee-2005.pdf\" target=\"_blank\" rel=\"noreferrer noopener\">Ann\u00e9e 2005<\/a>   <\/p>\n\n\n\n<p class=\"has-text-color\" style=\"color:#c41010;font-size:23px\"><a href=\"https:\/\/associationverticale.com\/wp-content\/uploads\/2023\/05\/Annee-2006.pdf\" target=\"_blank\" rel=\"noreferrer noopener\">Ann\u00e9e 2006 <\/a>   <\/p>\n\n\n\n<p class=\"has-text-color\" style=\"color:#c41010;font-size:23px\"><a href=\"https:\/\/associationverticale.com\/wp-content\/uploads\/2023\/05\/Annee-2007.pdf\" target=\"_blank\" rel=\"noreferrer noopener\">Ann\u00e9e 2007  <\/a><\/p>\n\n\n\n<p class=\"has-text-color\" style=\"color:#c41010;font-size:23px\"><a href=\"https:\/\/associationverticale.com\/wp-content\/uploads\/2023\/05\/Annee-2008.pdf\" target=\"_blank\" rel=\"noreferrer noopener\">Ann\u00e9e 2008 <\/a>   <\/p>\n\n\n\n<p class=\"has-text-color\" style=\"color:#c41010;font-size:23px\"><a href=\"https:\/\/associationverticale.com\/wp-content\/uploads\/2023\/05\/Annee-2008.pdf\" target=\"_blank\" rel=\"noreferrer noopener\">Ann\u00e9e 2009<\/a>    <\/p>\n\n\n\n<p class=\"has-text-color\" style=\"color:#c41010;font-size:23px\"><a href=\"https:\/\/associationverticale.com\/wp-content\/uploads\/2023\/05\/Annee-2010.pdf\" target=\"_blank\" rel=\"noreferrer noopener\">Ann\u00e9e 2010 <\/a>    <\/p>\n\n\n\n<p class=\"has-text-color\" style=\"color:#c41010;font-size:23px\"><a href=\"https:\/\/associationverticale.com\/wp-content\/uploads\/2023\/05\/Annee-2011.pdf\" target=\"_blank\" rel=\"noreferrer noopener\">Ann\u00e9e 2011<\/a> <\/p>\n\n\n\n<p class=\"has-text-color\" style=\"color:#c41010;font-size:23px\"><a href=\"https:\/\/associationverticale.com\/wp-content\/uploads\/2023\/05\/Annee-2012.pdf\" target=\"_blank\" rel=\"noreferrer noopener\">Ann\u00e9e 2012<\/a>   <\/p>\n\n\n\n<p class=\"has-text-color\" style=\"color:#c41010;font-size:23px\"><a href=\"https:\/\/associationverticale.com\/wp-content\/uploads\/2023\/05\/Annee-2013.pdf\" target=\"_blank\" rel=\"noreferrer noopener\">Ann\u00e9e 2013<\/a>  <\/p>\n\n\n\n<p class=\"has-text-color\" style=\"color:#c41010;font-size:23px\"><a href=\"https:\/\/associationverticale.com\/wp-content\/uploads\/2023\/05\/Annee-2014.pdf\" target=\"_blank\" rel=\"noreferrer noopener\">Ann\u00e9e 2014 <\/a>  <\/p>\n\n\n\n<p class=\"has-text-color\" style=\"color:#c41010;font-size:23px\"><a href=\"https:\/\/associationverticale.com\/wp-content\/uploads\/2023\/05\/Annee-2015.pdf\" target=\"_blank\" rel=\"noreferrer noopener\">Ann\u00e9e 2015 <\/a>   <\/p>\n\n\n\n<p class=\"has-text-color\" style=\"color:#c41010;font-size:23px\"><a href=\"https:\/\/associationverticale.com\/wp-content\/uploads\/2023\/05\/Annee-2016.pdf\" target=\"_blank\" rel=\"noreferrer noopener\">Ann\u00e9e 2016<\/a>    <\/p>\n\n\n\n<p class=\"has-text-color\" style=\"color:#c41010;font-size:23px\"><a href=\"https:\/\/associationverticale.com\/wp-content\/uploads\/2023\/05\/Annee-2017.pdf\" target=\"_blank\" rel=\"noreferrer noopener\">Ann\u00e9e 2017<\/a>  <\/p>\n\n\n\n<p class=\"has-text-color\" style=\"color:#c41010;font-size:23px\"><a href=\"https:\/\/associationverticale.com\/wp-content\/uploads\/2023\/05\/Annee-2018.pdf\" target=\"_blank\" rel=\"noreferrer noopener\">Ann\u00e9e 2018<\/a> <\/p>\n\n\n\n<p class=\"has-text-color\" style=\"color:#c41010;font-size:23px\"><a href=\"https:\/\/associationverticale.com\/wp-content\/uploads\/2023\/05\/Annee-2019-1.pdf\" target=\"_blank\" rel=\"noreferrer noopener\">Ann\u00e9e 2019<\/a>    <\/p>\n\n\n\n<p class=\"has-text-color\" style=\"color:#c41010;font-size:23px\"><a href=\"https:\/\/associationverticale.com\/wp-content\/uploads\/2023\/05\/Annee-2020.pdf\" target=\"_blank\" rel=\"noreferrer noopener\">Ann\u00e9e 2020<\/a>   <\/p>\n\n\n\n<p class=\"has-text-color\" style=\"color:#c41010;font-size:23px\"><a href=\"https:\/\/associationverticale.com\/wp-content\/uploads\/2023\/05\/Annee-2021.pdf\" target=\"_blank\" rel=\"noreferrer noopener\">Ann\u00e9e 2021<\/a>   <\/p>\n\n\n\n<p class=\"has-text-color\" style=\"color:#c41010;font-size:23px\"><a href=\"https:\/\/associationverticale.com\/wp-content\/uploads\/2023\/05\/Annee-2022-rapport-financier-1.pdf\" target=\"_blank\" rel=\"noreferrer noopener\">Ann\u00e9e 2022<\/a><\/p>\n\n\n\n<p class=\"has-text-color\" style=\"color:#c41010;font-size:23px\"><a href=\"https:\/\/associationverticale.com\/wp-content\/uploads\/2024\/05\/Annee-2023-rapport-financier.pdf\" target=\"_blank\" rel=\"noreferrer noopener\">Ann\u00e9e 2023<\/a><\/p>\n\n\n\n<h1 class=\"wp-block-heading has-text-color has-link-color wp-elements-9b03f512b2e366cd48fdbcc2ff613856\" style=\"color:#be1414;font-size:23px;text-transform:capitalize\"><a href=\"https:\/\/associationverticale.com\/wp-content\/uploads\/2025\/05\/Rapport-financier-2024.pdf\" target=\"_blank\" rel=\"noreferrer noopener\"><strong>Ann\u00e9e 2024<\/strong><\/a><\/h1>\n\n\n\n<p class=\"has-text-align-center has-text-color\" style=\"color:#c41010;font-size:23px\"><strong>Destination des fonds recueillis de 2004 \u00e0 nos jours<\/strong><\/p>\n\n\n\n<p class=\"has-text-color\" style=\"color:#c41010;font-size:23px\"><a href=\"https:\/\/associationverticale.com\/wp-content\/uploads\/2023\/05\/Bon-de-commande-N%C2%B0-01-Fournisseur-DELL.pdf\" target=\"_blank\" rel=\"noreferrer noopener\">Bon de commande n\u00b0 1 &#8211; DELL -25 mai 2004<\/a><\/p>\n\n\n\n<p class=\"has-text-color\" style=\"color:#c41010;font-size:23px\"><a href=\"https:\/\/associationverticale.com\/wp-content\/uploads\/2023\/05\/Bon-de-commande-N%C2%B0-03-Fournisseur-DELL.pdf\" target=\"_blank\" rel=\"noreferrer noopener\">Bon de commande n\u00b0 3 &#8211; DELL &#8211; 5 avril 2005<\/a><\/p>\n\n\n\n<p class=\"has-text-color\" style=\"color:#c41010;font-size:23px\"><a href=\"https:\/\/associationverticale.com\/wp-content\/uploads\/2023\/05\/Bon-de-commande-N%C2%B0-04-Fournisseur-DELL.pdf\" target=\"_blank\" rel=\"noreferrer noopener\">Bon de commande n\u00b0 4 &#8211; DELL &#8211; 12 ao\u00fbt 2005<\/a><\/p>\n\n\n\n<p class=\"has-text-color\" style=\"color:#c41010;font-size:23px\"><a href=\"https:\/\/associationverticale.com\/wp-content\/uploads\/2023\/05\/Bon-de-commande-N%C2%B0-05-Fournisseur-bio-rad.pdf\" target=\"_blank\" rel=\"noreferrer noopener\">Bon de commande n\u00b0 5 BIO RAD &#8211; 28 juin 2005<\/a><\/p>\n\n\n\n<p class=\"has-text-color\" style=\"color:#c41010;font-size:23px\"><a href=\"https:\/\/associationverticale.com\/wp-content\/uploads\/2023\/05\/Bon-de-commande-N%C2%B0-06-Fournisseur-olympus-france.pdf\" target=\"_blank\" rel=\"noreferrer noopener\">Bon de commande n\u00b0 6 &#8211; OLYMPUS FRANCE &#8211; 28 juin 2005<\/a><\/p>\n\n\n\n<p class=\"has-text-color\" style=\"color:#c41010;font-size:23px\"><a href=\"https:\/\/associationverticale.com\/wp-content\/uploads\/2023\/05\/Bon-de-commande-N%C2%B0-07-Fournisseur-DELL.pdf\" target=\"_blank\" rel=\"noreferrer noopener\">Bon de commande n\u00b0 7 &#8211; DELL &#8211; 13 janvier 2006<\/a><\/p>\n\n\n\n<p class=\"has-text-color\" style=\"color:#c41010;font-size:23px\"><a href=\"https:\/\/associationverticale.com\/wp-content\/uploads\/2023\/05\/Bon-de-commande-N%C2%B0-08-Fournisseur-Labo-Services.pdf\" target=\"_blank\" rel=\"noreferrer noopener\">Bon de commande n\u00b0 8 &#8211; LABO SERVICE &#8211; 16 mai 2006<\/a><\/p>\n\n\n\n<p class=\"has-text-color\" style=\"color:#c41010;font-size:23px\"><a href=\"https:\/\/associationverticale.com\/wp-content\/uploads\/2023\/05\/Bon-de-commande-N%C2%B0-09-Fournisseur-VWR-1.pdf\" target=\"_blank\" rel=\"noreferrer noopener\">Bon de commande n\u00b0 9 &#8211; VWR INTERNATIONAL &#8211; 16 mai 2006<\/a><\/p>\n\n\n\n<p class=\"has-text-color\" style=\"color:#c41010;font-size:23px\"><a href=\"https:\/\/associationverticale.com\/wp-content\/uploads\/2023\/05\/Bon-de-commande-N%C2%B0-10-Fournisseur-Harvard.pdf\" target=\"_blank\" rel=\"noreferrer noopener\">Bon de commande n\u00b0 10 &#8211; HARVARD Apparatus &#8211; 3 novembre 2006<\/a><\/p>\n\n\n\n<p class=\"has-text-color\" style=\"color:#c41010;font-size:23px\"><a href=\"https:\/\/associationverticale.com\/wp-content\/uploads\/2023\/05\/Bon-de-commande-N%C2%B0-11-Fournisseur-Phymep-2.pdf\" target=\"_blank\" rel=\"noreferrer noopener\">Bon de commande n\u00b0 11 &#8211; PHYMEP &#8211; 3 novembre 2006<\/a><\/p>\n\n\n\n<p class=\"has-text-color\" style=\"color:#c41010;font-size:23px\"><a href=\"https:\/\/associationverticale.com\/wp-content\/uploads\/2023\/05\/Bon-de-commande-N%C2%B0-12-Fournisseur-Dutscher.pdf\">Bon de commande n\u00b0 12 &#8211; DUTSCHER &#8211; 2 d\u00e9cembre 2006<\/a><\/p>\n\n\n\n<p class=\"has-text-color\" style=\"color:#c41010;font-size:23px\"><a href=\"https:\/\/associationverticale.com\/wp-content\/uploads\/2023\/05\/Bon-de-commande-N%C2%B0-13-Fournisseur-DELL-.pdf\" target=\"_blank\" rel=\"noreferrer noopener\">Bon de commande n\u00b0 13 &#8211; DELL &#8211; 23 f\u00e9vrier 2007<\/a><\/p>\n\n\n\n<p class=\"has-text-color\" style=\"color:#c41010;font-size:23px\"><a href=\"https:\/\/associationverticale.com\/wp-content\/uploads\/2023\/05\/Bon-de-commande-N%C2%B0-14-Fournisseur-Dipsi.pdf\" target=\"_blank\" rel=\"noreferrer noopener\">Bon de commande n\u00b0 14 &#8211; DIPSI &#8211; 23 f\u00e9vrier 2007<\/a> <\/p>\n\n\n\n<p class=\"has-text-color\" style=\"color:#c41010;font-size:23px\"><a href=\"https:\/\/associationverticale.com\/wp-content\/uploads\/2023\/05\/Bon-de-commande-N%C2%B0-15-Fournisseur-Air-Liquide-1.pdf\" target=\"_blank\" rel=\"noreferrer noopener\">Bon de commande n\u00b0 15 &#8211; AIR LIQUIDE &#8211; 22 novembre 2007<\/a><\/p>\n\n\n\n<p class=\"has-text-color\" style=\"color:#c41010;font-size:23px\"><a href=\"https:\/\/associationverticale.com\/wp-content\/uploads\/2023\/05\/Bon-de-commande-N%C2%B0-16-Fournisseur-DELL.pdf\" target=\"_blank\" rel=\"noreferrer noopener\">Bon de commande n\u00b0 16 &#8211; DELL &#8211; 13 d\u00e9cembre 2007<\/a><\/p>\n\n\n\n<p class=\"has-text-color\" style=\"color:#c41010;font-size:23px\"><a href=\"https:\/\/associationverticale.com\/wp-content\/uploads\/2023\/05\/Bon-de-commande-N%C2%B0-17-Fournisseur-DELL.pdf\" target=\"_blank\" rel=\"noreferrer noopener\">Bon de commande n\u00b0 17 &#8211; DELL &#8211; 11 mars 2008<\/a><\/p>\n\n\n\n<p class=\"has-text-color\" style=\"color:#c41010;font-size:23px\"><a href=\"https:\/\/associationverticale.com\/wp-content\/uploads\/2023\/05\/Bon-de-commande-N%C2%B0-18-Fournisseur-Labo-Service.pdf\" target=\"_blank\" rel=\"noreferrer noopener\">Bon de commande n\u00b0 18 &#8211; LABO SERVICE &#8211; 17 septembre 2008<\/a><\/p>\n\n\n\n<p class=\"has-text-color\" style=\"color:#c41010;font-size:23px\"><a href=\"https:\/\/associationverticale.com\/wp-content\/uploads\/2023\/05\/Bon-de-commande-N%C2%B0-19-Agilent-Technologies.pdf\" target=\"_blank\" rel=\"noreferrer noopener\">Bon de commande n\u00b0 19 &#8211; AGILENT TECHNOLOGIES &#8211; 18 ao\u00fbt 2009<\/a><\/p>\n\n\n\n<p class=\"has-text-color\" style=\"color:#c41010;font-size:23px\"><a href=\"https:\/\/associationverticale.com\/wp-content\/uploads\/2023\/05\/Bon-de-commande-N%C2%B0-20-Varian.pdf\" target=\"_blank\" rel=\"noreferrer noopener\">Bon de commande n\u00b0 20 &#8211; VARIAN &#8211; 3 avril 2010 <\/a><\/p>\n\n\n\n<p class=\"has-text-color\" style=\"color:#c41010;font-size:23px\"><a href=\"https:\/\/associationverticale.com\/wp-content\/uploads\/2023\/05\/Bon-de-commande-N%C2%B0-21-Tecniplast-3.pdf\" target=\"_blank\" rel=\"noreferrer noopener\">Bon de commande n\u00b0 21 &#8211; TECNIPLAST &#8211; 27 novembre 2012<\/a><\/p>\n\n\n\n<p class=\"has-text-color\" style=\"color:#c41010;font-size:23px\"><a href=\"https:\/\/associationverticale.com\/wp-content\/uploads\/2023\/05\/Bon-de-commande-N%C2%B0-22-Innovation-net.pdf\" target=\"_blank\" rel=\"noreferrer noopener\">Bon de commande n\u00b0 22 &#8211; INNOVATION NET &#8211; 17 d\u00e9cembre 2012<\/a><\/p>\n\n\n\n<p class=\"has-text-color\" style=\"color:#c41010;font-size:23px\"><a href=\"https:\/\/associationverticale.com\/wp-content\/uploads\/2023\/05\/Bon-de-commande-N%C2%B0-23-Anesteo.pdf\" target=\"_blank\" rel=\"noreferrer noopener\">Bon de commande n\u00b0 23 &#8211; ANESTEO &#8211; 21 janvier 2013<\/a><\/p>\n\n\n\n<p class=\"has-text-color\" style=\"color:#c41010;font-size:23px\"><a href=\"https:\/\/associationverticale.com\/wp-content\/uploads\/2023\/05\/Bon-de-commande-N%C2%B0-24-Leica.pdf\" target=\"_blank\" rel=\"noreferrer noopener\">Lettre de commande n\u00b0 24 &#8211; LEICA &#8211; 7 d\u00e9cembre 2015<\/a><\/p>\n\n\n\n<p class=\"has-text-color\" style=\"color:#c41010;font-size:23px\"><a href=\"https:\/\/associationverticale.com\/wp-content\/uploads\/2023\/05\/Bon-de-commande-N%C2%B0-25-Microscope-Leica.pdf\" target=\"_blank\" rel=\"noreferrer noopener\">Bon de commande n\u00b0 25 &#8211; LEICA &#8211; 30 mars 2018<\/a><\/p>\n\n\n\n<p class=\"has-text-color\" style=\"color:#c41010;font-size:23px\"><a href=\"https:\/\/associationverticale.com\/wp-content\/uploads\/2023\/05\/Bon-de-commande-N%C2%B0-26-Microcebes.pdf\" target=\"_blank\" rel=\"noreferrer noopener\">Bon de commande n\u00b0 26 &#8211; MICROCEBES &#8211; 17 octobre 2019<\/a><\/p>\n\n\n\n<p class=\"has-text-color\" style=\"color:#c41010;font-size:23px\"><a href=\"https:\/\/associationverticale.com\/wp-content\/uploads\/2023\/05\/Bon-de-commande-N%C2%B0-27-Microcebes.pdf\" target=\"_blank\" rel=\"noreferrer noopener\">Bon de commande n\u00b0 27 &#8211; MICROCEBES &#8211; 5 d\u00e9cembre 2020<\/a><\/p>\n\n\n\n<p class=\"has-text-color\" style=\"color:#c41010;font-size:23px\"><a href=\"https:\/\/associationverticale.com\/wp-content\/uploads\/2023\/05\/Bon-de-commande-N%C2%B0-28-Microcebes-08.03.21.pdf\" target=\"_blank\" rel=\"noreferrer noopener\">Bon de commande n\u00b0 28 &#8211; MICROCEBES &#8211; 8 mars 2021<\/a><\/p>\n\n\n\n<p class=\"has-text-color\" style=\"color:#c41010;font-size:23px\"><a href=\"https:\/\/associationverticale.com\/wp-content\/uploads\/2023\/05\/Bon-de-commande-N%C2%B0-29-Microcebes-08.03.21-2.pdf\" target=\"_blank\" rel=\"noreferrer noopener\">Bon de commande n\u00b0 29 &#8211; MICROCEBES &#8211; 23 mars 2021<\/a><\/p>\n\n\n\n<p class=\"has-text-color\" style=\"color:#c41010;font-size:23px\"><a href=\"https:\/\/associationverticale.com\/wp-content\/uploads\/2023\/05\/Bon-de-commande-N%C2%B0-30-Microcebes-18.01.22.pdf\" target=\"_blank\" rel=\"noreferrer noopener\">Bon de commande n\u00b0 30 -MICROCEBES &#8211; 18 janvier 2022<\/a><\/p>\n\n\n\n<p class=\"has-text-color\" style=\"color:#c41010;font-size:23px\"><a href=\"https:\/\/associationverticale.com\/wp-content\/uploads\/2023\/05\/Commande-prolongement-contrat-M.-Gerber-19.12.22-1.pdf\" target=\"_blank\" rel=\"noreferrer noopener\">Prolongement de contrat Doctorat Universit\u00e9 Montpellier &#8211; 19 d\u00e9cembre 2022 <\/a><\/p>\n\n\n\n<p><\/p>\n","protected":false},"excerpt":{"rendered":"<p>Rapports financiers de 2005 \u00e0 nos jours Ann\u00e9e 2005 Ann\u00e9e 2006 Ann\u00e9e 2007 Ann\u00e9e 2008 Ann\u00e9e 2009 Ann\u00e9e 2010 Ann\u00e9e 2011 Ann\u00e9e 2012 Ann\u00e9e 2013 Ann\u00e9e 2014 Ann\u00e9e 2015 Ann\u00e9e 2016 Ann\u00e9e 2017 Ann\u00e9e 2018 Ann\u00e9e 2019 Ann\u00e9e 2020 Ann\u00e9e 2021 Ann\u00e9e 2022 Ann\u00e9e 2023 Ann\u00e9e 2024 Destination des fonds [&hellip;]<\/p>\n","protected":false},"author":1,"featured_media":0,"parent":0,"menu_order":0,"comment_status":"closed","ping_status":"closed","template":"","meta":{"footnotes":""},"class_list":["post-566","page","type-page","status-publish","hentry"],"yoast_head":"<!-- This site is optimized with the Yoast SEO plugin v27.4 - https:\/\/yoast.com\/product\/yoast-seo-wordpress\/ -->\n<title>Rapports financiers annuels et destination des fonds recueillis - ASSOCIATION VERTICALE<\/title>\n<meta name=\"robots\" content=\"index, follow, max-snippet:-1, max-image-preview:large, max-video-preview:-1\" \/>\n<link rel=\"canonical\" href=\"https:\/\/associationverticale.com\/index.php\/rapports-financiers-annuels-et-destination-des-fons-recueillis\/\" \/>\n<meta property=\"og:locale\" content=\"fr_FR\" \/>\n<meta property=\"og:type\" content=\"article\" \/>\n<meta property=\"og:title\" content=\"Rapports financiers annuels et destination des fonds recueillis - ASSOCIATION VERTICALE\" \/>\n<meta property=\"og:description\" content=\"Rapports financiers de 2005 \u00e0 nos jours Ann\u00e9e 2005 Ann\u00e9e 2006 Ann\u00e9e 2007 Ann\u00e9e 2008 Ann\u00e9e 2009 Ann\u00e9e 2010 Ann\u00e9e 2011 Ann\u00e9e 2012 Ann\u00e9e 2013 Ann\u00e9e 2014 Ann\u00e9e 2015 Ann\u00e9e 2016 Ann\u00e9e 2017 Ann\u00e9e 2018 Ann\u00e9e 2019 Ann\u00e9e 2020 Ann\u00e9e 2021 Ann\u00e9e 2022 Ann\u00e9e 2023 Ann\u00e9e 2024 Destination des fonds [&hellip;]\" \/>\n<meta property=\"og:url\" content=\"https:\/\/associationverticale.com\/index.php\/rapports-financiers-annuels-et-destination-des-fons-recueillis\/\" \/>\n<meta property=\"og:site_name\" content=\"ASSOCIATION VERTICALE\" \/>\n<meta property=\"article:publisher\" content=\"https:\/\/www.facebook.com\/profile.php?id=100066388404898\" \/>\n<meta property=\"article:modified_time\" content=\"2025-05-22T13:18:26+00:00\" \/>\n<meta name=\"twitter:card\" content=\"summary_large_image\" \/>\n<meta name=\"twitter:label1\" content=\"Dur\u00e9e de lecture estim\u00e9e\" \/>\n\t<meta name=\"twitter:data1\" content=\"2 minutes\" \/>\n<script type=\"application\/ld+json\" class=\"yoast-schema-graph\">{\"@context\":\"https:\\\/\\\/schema.org\",\"@graph\":[{\"@type\":\"WebPage\",\"@id\":\"https:\\\/\\\/associationverticale.com\\\/index.php\\\/rapports-financiers-annuels-et-destination-des-fons-recueillis\\\/\",\"url\":\"https:\\\/\\\/associationverticale.com\\\/index.php\\\/rapports-financiers-annuels-et-destination-des-fons-recueillis\\\/\",\"name\":\"Rapports financiers annuels et destination des fonds recueillis - ASSOCIATION VERTICALE\",\"isPartOf\":{\"@id\":\"https:\\\/\\\/associationverticale.com\\\/#website\"},\"datePublished\":\"2023-05-05T14:01:04+00:00\",\"dateModified\":\"2025-05-22T13:18:26+00:00\",\"breadcrumb\":{\"@id\":\"https:\\\/\\\/associationverticale.com\\\/index.php\\\/rapports-financiers-annuels-et-destination-des-fons-recueillis\\\/#breadcrumb\"},\"inLanguage\":\"fr-FR\",\"potentialAction\":[{\"@type\":\"ReadAction\",\"target\":[\"https:\\\/\\\/associationverticale.com\\\/index.php\\\/rapports-financiers-annuels-et-destination-des-fons-recueillis\\\/\"]}]},{\"@type\":\"BreadcrumbList\",\"@id\":\"https:\\\/\\\/associationverticale.com\\\/index.php\\\/rapports-financiers-annuels-et-destination-des-fons-recueillis\\\/#breadcrumb\",\"itemListElement\":[{\"@type\":\"ListItem\",\"position\":1,\"name\":\"Accueil\",\"item\":\"https:\\\/\\\/associationverticale.com\\\/\"},{\"@type\":\"ListItem\",\"position\":2,\"name\":\"Rapports financiers annuels et destination des fonds recueillis\"}]},{\"@type\":\"WebSite\",\"@id\":\"https:\\\/\\\/associationverticale.com\\\/#website\",\"url\":\"https:\\\/\\\/associationverticale.com\\\/\",\"name\":\"ASSOCIATION VERTICALE\",\"description\":\"Soutien \u00e0 la recherche sur les traumatismes de la moelle \u00e9pini\u00e8re\",\"publisher\":{\"@id\":\"https:\\\/\\\/associationverticale.com\\\/#organization\"},\"potentialAction\":[{\"@type\":\"SearchAction\",\"target\":{\"@type\":\"EntryPoint\",\"urlTemplate\":\"https:\\\/\\\/associationverticale.com\\\/?s={search_term_string}\"},\"query-input\":{\"@type\":\"PropertyValueSpecification\",\"valueRequired\":true,\"valueName\":\"search_term_string\"}}],\"inLanguage\":\"fr-FR\"},{\"@type\":\"Organization\",\"@id\":\"https:\\\/\\\/associationverticale.com\\\/#organization\",\"name\":\"ASSOCIATION VERTICALE\",\"url\":\"https:\\\/\\\/associationverticale.com\\\/\",\"logo\":{\"@type\":\"ImageObject\",\"inLanguage\":\"fr-FR\",\"@id\":\"https:\\\/\\\/associationverticale.com\\\/#\\\/schema\\\/logo\\\/image\\\/\",\"url\":\"https:\\\/\\\/associationverticale.com\\\/wp-content\\\/uploads\\\/2023\\\/05\\\/cropped-Nouveau-logo-Verticale.jpg\",\"contentUrl\":\"https:\\\/\\\/associationverticale.com\\\/wp-content\\\/uploads\\\/2023\\\/05\\\/cropped-Nouveau-logo-Verticale.jpg\",\"width\":741,\"height\":666,\"caption\":\"ASSOCIATION VERTICALE\"},\"image\":{\"@id\":\"https:\\\/\\\/associationverticale.com\\\/#\\\/schema\\\/logo\\\/image\\\/\"},\"sameAs\":[\"https:\\\/\\\/www.facebook.com\\\/profile.php?id=100066388404898\"]}]}<\/script>\n<!-- \/ Yoast SEO plugin. -->","yoast_head_json":{"title":"Rapports financiers annuels et destination des fonds recueillis - ASSOCIATION VERTICALE","robots":{"index":"index","follow":"follow","max-snippet":"max-snippet:-1","max-image-preview":"max-image-preview:large","max-video-preview":"max-video-preview:-1"},"canonical":"https:\/\/associationverticale.com\/index.php\/rapports-financiers-annuels-et-destination-des-fons-recueillis\/","og_locale":"fr_FR","og_type":"article","og_title":"Rapports financiers annuels et destination des fonds recueillis - ASSOCIATION VERTICALE","og_description":"Rapports financiers de 2005 \u00e0 nos jours Ann\u00e9e 2005 Ann\u00e9e 2006 Ann\u00e9e 2007 Ann\u00e9e 2008 Ann\u00e9e 2009 Ann\u00e9e 2010 Ann\u00e9e 2011 Ann\u00e9e 2012 Ann\u00e9e 2013 Ann\u00e9e 2014 Ann\u00e9e 2015 Ann\u00e9e 2016 Ann\u00e9e 2017 Ann\u00e9e 2018 Ann\u00e9e 2019 Ann\u00e9e 2020 Ann\u00e9e 2021 Ann\u00e9e 2022 Ann\u00e9e 2023 Ann\u00e9e 2024 Destination des fonds [&hellip;]","og_url":"https:\/\/associationverticale.com\/index.php\/rapports-financiers-annuels-et-destination-des-fons-recueillis\/","og_site_name":"ASSOCIATION VERTICALE","article_publisher":"https:\/\/www.facebook.com\/profile.php?id=100066388404898","article_modified_time":"2025-05-22T13:18:26+00:00","twitter_card":"summary_large_image","twitter_misc":{"Dur\u00e9e de lecture estim\u00e9e":"2 minutes"},"schema":{"@context":"https:\/\/schema.org","@graph":[{"@type":"WebPage","@id":"https:\/\/associationverticale.com\/index.php\/rapports-financiers-annuels-et-destination-des-fons-recueillis\/","url":"https:\/\/associationverticale.com\/index.php\/rapports-financiers-annuels-et-destination-des-fons-recueillis\/","name":"Rapports financiers annuels et destination des fonds recueillis - ASSOCIATION VERTICALE","isPartOf":{"@id":"https:\/\/associationverticale.com\/#website"},"datePublished":"2023-05-05T14:01:04+00:00","dateModified":"2025-05-22T13:18:26+00:00","breadcrumb":{"@id":"https:\/\/associationverticale.com\/index.php\/rapports-financiers-annuels-et-destination-des-fons-recueillis\/#breadcrumb"},"inLanguage":"fr-FR","potentialAction":[{"@type":"ReadAction","target":["https:\/\/associationverticale.com\/index.php\/rapports-financiers-annuels-et-destination-des-fons-recueillis\/"]}]},{"@type":"BreadcrumbList","@id":"https:\/\/associationverticale.com\/index.php\/rapports-financiers-annuels-et-destination-des-fons-recueillis\/#breadcrumb","itemListElement":[{"@type":"ListItem","position":1,"name":"Accueil","item":"https:\/\/associationverticale.com\/"},{"@type":"ListItem","position":2,"name":"Rapports financiers annuels et destination des fonds recueillis"}]},{"@type":"WebSite","@id":"https:\/\/associationverticale.com\/#website","url":"https:\/\/associationverticale.com\/","name":"ASSOCIATION VERTICALE","description":"Soutien \u00e0 la recherche sur les traumatismes de la moelle \u00e9pini\u00e8re","publisher":{"@id":"https:\/\/associationverticale.com\/#organization"},"potentialAction":[{"@type":"SearchAction","target":{"@type":"EntryPoint","urlTemplate":"https:\/\/associationverticale.com\/?s={search_term_string}"},"query-input":{"@type":"PropertyValueSpecification","valueRequired":true,"valueName":"search_term_string"}}],"inLanguage":"fr-FR"},{"@type":"Organization","@id":"https:\/\/associationverticale.com\/#organization","name":"ASSOCIATION VERTICALE","url":"https:\/\/associationverticale.com\/","logo":{"@type":"ImageObject","inLanguage":"fr-FR","@id":"https:\/\/associationverticale.com\/#\/schema\/logo\/image\/","url":"https:\/\/associationverticale.com\/wp-content\/uploads\/2023\/05\/cropped-Nouveau-logo-Verticale.jpg","contentUrl":"https:\/\/associationverticale.com\/wp-content\/uploads\/2023\/05\/cropped-Nouveau-logo-Verticale.jpg","width":741,"height":666,"caption":"ASSOCIATION VERTICALE"},"image":{"@id":"https:\/\/associationverticale.com\/#\/schema\/logo\/image\/"},"sameAs":["https:\/\/www.facebook.com\/profile.php?id=100066388404898"]}]}},"_links":{"self":[{"href":"https:\/\/associationverticale.com\/index.php\/wp-json\/wp\/v2\/pages\/566","targetHints":{"allow":["GET"]}}],"collection":[{"href":"https:\/\/associationverticale.com\/index.php\/wp-json\/wp\/v2\/pages"}],"about":[{"href":"https:\/\/associationverticale.com\/index.php\/wp-json\/wp\/v2\/types\/page"}],"author":[{"embeddable":true,"href":"https:\/\/associationverticale.com\/index.php\/wp-json\/wp\/v2\/users\/1"}],"replies":[{"embeddable":true,"href":"https:\/\/associationverticale.com\/index.php\/wp-json\/wp\/v2\/comments?post=566"}],"version-history":[{"count":25,"href":"https:\/\/associationverticale.com\/index.php\/wp-json\/wp\/v2\/pages\/566\/revisions"}],"predecessor-version":[{"id":3906,"href":"https:\/\/associationverticale.com\/index.php\/wp-json\/wp\/v2\/pages\/566\/revisions\/3906"}],"wp:attachment":[{"href":"https:\/\/associationverticale.com\/index.php\/wp-json\/wp\/v2\/media?parent=566"}],"curies":[{"name":"wp","href":"https:\/\/api.w.org\/{rel}","templated":true}]}}