{"id":92,"date":"2023-04-27T15:26:06","date_gmt":"2023-04-27T13:26:06","guid":{"rendered":"https:\/\/associationverticale.com\/?page_id=92"},"modified":"2025-05-22T15:54:43","modified_gmt":"2025-05-22T13:54:43","slug":"verticale-lassociation","status":"publish","type":"page","link":"https:\/\/associationverticale.com\/index.php\/verticale-lassociation\/","title":{"rendered":"VERTICALE &#8211; L&rsquo;association"},"content":{"rendered":"\t\t<div data-elementor-type=\"wp-page\" data-elementor-id=\"92\" class=\"elementor elementor-92\">\n\t\t\t\t\t\t<section class=\"elementor-section elementor-top-section elementor-element elementor-element-2aaca359 elementor-section-boxed elementor-section-height-default elementor-section-height-default\" data-id=\"2aaca359\" data-element_type=\"section\" data-e-type=\"section\">\n\t\t\t\t\t\t<div class=\"elementor-container elementor-column-gap-default\">\n\t\t\t\t\t<div class=\"elementor-column elementor-col-100 elementor-top-column elementor-element elementor-element-3f4ede46\" data-id=\"3f4ede46\" data-element_type=\"column\" data-e-type=\"column\">\n\t\t\t<div class=\"elementor-widget-wrap elementor-element-populated\">\n\t\t\t\t\t\t<div class=\"elementor-element elementor-element-51759e37 elementor-widget elementor-widget-text-editor\" data-id=\"51759e37\" data-element_type=\"widget\" data-e-type=\"widget\" data-widget_type=\"text-editor.default\">\n\t\t\t\t<div class=\"elementor-widget-container\">\n\t\t\t\t\t\t\t\t\t<p class=\"has-text-color has-medium-font-size\" style=\"color: #b61b3df2;\"><strong>La vie ne tient qu\u2019\u00e0 un fil !<\/strong><\/p>\n<p><!-- \/wp:paragraph --><!-- wp:paragraph {\"textColor\":\"black\",\"fontSize\":\"medium\"} --><\/p>\n<p class=\"has-black-color has-text-color has-medium-font-size\">Pour les victimes d\u2019accidents qui se retrouvent paralys\u00e9es, ce fil c\u2019\u00e9tait leur moelle \u00e9pini\u00e8re. Ce cordon m\u00e9dullaire qui innerve chaque partie de notre corps est bien fragile malgr\u00e9 cette colonne vert\u00e9brale qui le prot\u00e8ge, en vain !<\/p>\n<p><!-- \/wp:paragraph --><!-- wp:paragraph {\"textColor\":\"accent\",\"fontSize\":\"medium\"} --><\/p>\n<p class=\"has-accent-color has-text-color has-medium-font-size\">Lorsqu\u2019un accident\u00e9 subit un choc violent au niveau du rachis, il a malheureusement encore de nos jours le risque de perdre l\u2019usage d\u2019une partie de son corps. Au-del\u00e0 de cette privation, il devra se r\u00e9approprier son corps et reconstruire sa vie diff\u00e9remment avec ceux qui sont rest\u00e9s, ceux qui n\u2019ont pas peur d\u2019affronter le lendemain et tous les probl\u00e8mes li\u00e9s au handicap. Le mot est l\u00e2ch\u00e9 : handicap !<\/p>\n<p><!-- \/wp:paragraph --><!-- wp:paragraph {\"textColor\":\"accent\",\"fontSize\":\"medium\"} --><\/p>\n<p class=\"has-accent-color has-text-color has-medium-font-size\"><strong>Soutenir l\u2019Association VERTICALE, ce n\u2019est pas seulement soutenir les personnes en situation de handicap, c\u2019est \u00e9viter qu\u2019une victime d\u2019un traumatisme de la moelle \u00e9pini\u00e8re ne devienne handicap\u00e9e. En fait, c\u2019est nous aider, nous les valides, pour qu\u2019un jour notre vie ne bascule pas dans le monde du handicap. C\u2019est aider tous ceux qui potentiellement sont destin\u00e9s \u00e0 le devenir.<\/strong><\/p>\n<p><!-- \/wp:paragraph --><!-- wp:paragraph {\"textColor\":\"accent\",\"fontSize\":\"medium\"} --><\/p>\n<p class=\"has-accent-color has-text-color has-medium-font-size\">Demain, d\u2019autres s\u2019y ajouteront encore, et encore !<\/p>\n<p><!-- \/wp:paragraph --><!-- wp:paragraph {\"textColor\":\"accent\",\"fontSize\":\"medium\"} --><\/p>\n<p class=\"has-accent-color has-text-color has-medium-font-size\">C\u2019est aider tous ceux qui sont touch\u00e9s par le handicap moteur et qui attendent des progr\u00e8s rapidement, que leur l\u00e9sion soit r\u00e9cente ou ancienne !<\/p>\n<p><!-- \/wp:paragraph --><!-- wp:paragraph {\"textColor\":\"accent\",\"fontSize\":\"medium\"} --><\/p>\n<p class=\"has-accent-color has-text-color has-medium-font-size\">Peut-\u00eatre qu\u2019en ce moment, un fil vient \u00e0 nouveau de se casser pour une personne et sa vie est suspendue \u2026.. dans les mains des chercheurs !<\/p>\n<p><!-- \/wp:paragraph --><!-- wp:paragraph {\"style\":{\"color\":{\"text\":\"#b61b3df2\"}},\"fontSize\":\"medium\"} --><\/p>\n<p class=\"has-text-color has-medium-font-size\" style=\"color: #b61b3df2;\"><strong><a href=\"https:\/\/associationverticale.com\/index.php\/soutenir\/\" target=\"_blank\" rel=\"noreferrer noopener\">FAITES UN DON POUR AIDER LA RECHERCHE ET SOUTENIR L\u2019ASSOCIATION VERTICALE<\/a><\/strong><\/p>\n<p class=\"has-text-color has-medium-font-size\" style=\"color: #b61b3df2;\"><\/p>\n<p><!-- \/wp:paragraph --><\/p>\t\t\t\t\t\t\t\t<\/div>\n\t\t\t\t<\/div>\n\t\t\t\t<div class=\"elementor-element elementor-element-b02e904 elementor-widget elementor-widget-text-editor\" data-id=\"b02e904\" data-element_type=\"widget\" data-e-type=\"widget\" data-widget_type=\"text-editor.default\">\n\t\t\t\t<div class=\"elementor-widget-container\">\n\t\t\t\t\t\t\t\t\t<p class=\"has-text-color has-medium-font-size\" style=\"color: #b61b3df2;\"><strong><span style=\"color: #993366;\"><a href=\"https:\/\/associationverticale.com\/wp-content\/uploads\/2024\/06\/statuts-Verticale-modif-au-CA-de-2024.pdf\" target=\"_blank\" rel=\"noreferrer noopener\" style=\"color: #993366;\">Statuts de l&rsquo;Association VERTICALE<\/a><\/span><\/strong><\/p>\n<p><strong><span style=\"color: #993366;\"><!-- \/wp:paragraph --><!-- wp:paragraph {\"style\":{\"color\":{\"text\":\"#b61b3df2\"}},\"fontSize\":\"medium\"} --><\/span><\/strong><\/p>\n<p class=\"has-text-color has-medium-font-size\" style=\"color: #b61b3df2;\"><strong><span style=\"color: #993366;\"><a href=\"https:\/\/associationverticale.com\/wp-content\/uploads\/2025\/05\/Proces-verbal-Assemblee-Generale-Verticale-2024.pdf\" target=\"_blank\" rel=\"noopener\" style=\"color: #993366;\">Proc\u00e8s-verbal d&rsquo;Assembl\u00e9e G\u00e9n\u00e9rale de l&rsquo;Association VERTICALE 2025<\/a><\/span><\/strong><\/p>\n<p><strong><span style=\"color: #993366;\"><!-- \/wp:paragraph --><!-- wp:paragraph {\"style\":{\"color\":{\"text\":\"#b61b3df2\"}},\"fontSize\":\"medium\"} --><\/span><\/strong><\/p>\n<p class=\"has-text-color has-medium-font-size\" style=\"color: #b61b3df2;\"><strong><span style=\"color: #993366;\"><a href=\"https:\/\/associationverticale.com\/wp-content\/uploads\/2025\/05\/Rapport-financier-2024.pdf\" target=\"_blank\" rel=\"noreferrer noopener\" style=\"color: #993366;\">Rapport financier 2024 de l&rsquo;Association VERTICALE<\/a><\/span><\/strong><\/p>\n<p><strong><span style=\"color: #993366;\"><!-- \/wp:paragraph --><!-- wp:paragraph {\"style\":{\"color\":{\"text\":\"#b61b3df2\"}},\"fontSize\":\"medium\"} --><\/span><\/strong><\/p>\n<p class=\"has-text-color has-medium-font-size\" style=\"color: #b61b3df2;\"><strong><span style=\"color: #993366;\"><a href=\"https:\/\/associationverticale.com\/wp-content\/uploads\/2025\/05\/Rapport-moral-2024.pdf\" target=\"_blank\" rel=\"noreferrer noopener\" style=\"color: #993366;\">Rapport moral 2024 de l&rsquo;Association VERTICALE<\/a><\/span><\/strong><\/p>\n<p><!-- \/wp:paragraph --><\/p>\t\t\t\t\t\t\t\t<\/div>\n\t\t\t\t<\/div>\n\t\t\t\t\t<\/div>\n\t\t<\/div>\n\t\t\t\t\t<\/div>\n\t\t<\/section>\n\t\t\t\t<section class=\"elementor-section elementor-top-section elementor-element elementor-element-7b612c5 elementor-section-boxed elementor-section-height-default elementor-section-height-default\" data-id=\"7b612c5\" data-element_type=\"section\" data-e-type=\"section\">\n\t\t\t\t\t\t<div class=\"elementor-container elementor-column-gap-default\">\n\t\t\t\t\t<div class=\"elementor-column elementor-col-100 elementor-top-column elementor-element elementor-element-98b9339\" data-id=\"98b9339\" data-element_type=\"column\" data-e-type=\"column\">\n\t\t\t<div class=\"elementor-widget-wrap\">\n\t\t\t\t\t\t\t<\/div>\n\t\t<\/div>\n\t\t\t\t\t<\/div>\n\t\t<\/section>\n\t\t\t\t<section class=\"elementor-section elementor-top-section elementor-element elementor-element-d22799a elementor-section-boxed elementor-section-height-default elementor-section-height-default\" data-id=\"d22799a\" data-element_type=\"section\" data-e-type=\"section\">\n\t\t\t\t\t\t<div class=\"elementor-container elementor-column-gap-default\">\n\t\t\t\t\t<div class=\"elementor-column elementor-col-100 elementor-top-column elementor-element elementor-element-ee9e151\" data-id=\"ee9e151\" data-element_type=\"column\" data-e-type=\"column\">\n\t\t\t<div class=\"elementor-widget-wrap\">\n\t\t\t\t\t\t\t<\/div>\n\t\t<\/div>\n\t\t\t\t\t<\/div>\n\t\t<\/section>\n\t\t\t\t<\/div>\n\t\t","protected":false},"excerpt":{"rendered":"<p>La vie ne tient qu\u2019\u00e0 un fil ! Pour les victimes d\u2019accidents qui se retrouvent paralys\u00e9es, ce fil c\u2019\u00e9tait leur moelle \u00e9pini\u00e8re. Ce cordon m\u00e9dullaire qui innerve chaque partie de notre corps est bien fragile malgr\u00e9 cette colonne vert\u00e9brale qui le prot\u00e8ge, en vain ! Lorsqu\u2019un accident\u00e9 subit un choc [&hellip;]<\/p>\n","protected":false},"author":1,"featured_media":0,"parent":0,"menu_order":0,"comment_status":"closed","ping_status":"closed","template":"","meta":{"footnotes":""},"class_list":["post-92","page","type-page","status-publish","hentry"],"yoast_head":"<!-- This site is optimized with the Yoast SEO plugin v27.4 - https:\/\/yoast.com\/product\/yoast-seo-wordpress\/ -->\n<title>VERTICALE - L&#039;association - ASSOCIATION VERTICALE<\/title>\n<meta name=\"robots\" content=\"index, follow, max-snippet:-1, max-image-preview:large, max-video-preview:-1\" \/>\n<link rel=\"canonical\" href=\"https:\/\/associationverticale.com\/index.php\/verticale-lassociation\/\" \/>\n<meta property=\"og:locale\" content=\"fr_FR\" \/>\n<meta property=\"og:type\" content=\"article\" \/>\n<meta property=\"og:title\" content=\"VERTICALE - L&#039;association - ASSOCIATION VERTICALE\" \/>\n<meta property=\"og:description\" content=\"La vie ne tient qu\u2019\u00e0 un fil ! Pour les victimes d\u2019accidents qui se retrouvent paralys\u00e9es, ce fil c\u2019\u00e9tait leur moelle \u00e9pini\u00e8re. Ce cordon m\u00e9dullaire qui innerve chaque partie de notre corps est bien fragile malgr\u00e9 cette colonne vert\u00e9brale qui le prot\u00e8ge, en vain ! Lorsqu\u2019un accident\u00e9 subit un choc [&hellip;]\" \/>\n<meta property=\"og:url\" content=\"https:\/\/associationverticale.com\/index.php\/verticale-lassociation\/\" \/>\n<meta property=\"og:site_name\" content=\"ASSOCIATION VERTICALE\" \/>\n<meta property=\"article:publisher\" content=\"https:\/\/www.facebook.com\/profile.php?id=100066388404898\" \/>\n<meta property=\"article:modified_time\" content=\"2025-05-22T13:54:43+00:00\" \/>\n<meta name=\"twitter:card\" content=\"summary_large_image\" \/>\n<meta name=\"twitter:label1\" content=\"Dur\u00e9e de lecture estim\u00e9e\" \/>\n\t<meta name=\"twitter:data1\" content=\"2 minutes\" \/>\n<script type=\"application\/ld+json\" class=\"yoast-schema-graph\">{\"@context\":\"https:\\\/\\\/schema.org\",\"@graph\":[{\"@type\":\"WebPage\",\"@id\":\"https:\\\/\\\/associationverticale.com\\\/index.php\\\/verticale-lassociation\\\/\",\"url\":\"https:\\\/\\\/associationverticale.com\\\/index.php\\\/verticale-lassociation\\\/\",\"name\":\"VERTICALE - L'association - ASSOCIATION VERTICALE\",\"isPartOf\":{\"@id\":\"https:\\\/\\\/associationverticale.com\\\/#website\"},\"datePublished\":\"2023-04-27T13:26:06+00:00\",\"dateModified\":\"2025-05-22T13:54:43+00:00\",\"breadcrumb\":{\"@id\":\"https:\\\/\\\/associationverticale.com\\\/index.php\\\/verticale-lassociation\\\/#breadcrumb\"},\"inLanguage\":\"fr-FR\",\"potentialAction\":[{\"@type\":\"ReadAction\",\"target\":[\"https:\\\/\\\/associationverticale.com\\\/index.php\\\/verticale-lassociation\\\/\"]}]},{\"@type\":\"BreadcrumbList\",\"@id\":\"https:\\\/\\\/associationverticale.com\\\/index.php\\\/verticale-lassociation\\\/#breadcrumb\",\"itemListElement\":[{\"@type\":\"ListItem\",\"position\":1,\"name\":\"Accueil\",\"item\":\"https:\\\/\\\/associationverticale.com\\\/\"},{\"@type\":\"ListItem\",\"position\":2,\"name\":\"VERTICALE &#8211; L&rsquo;association\"}]},{\"@type\":\"WebSite\",\"@id\":\"https:\\\/\\\/associationverticale.com\\\/#website\",\"url\":\"https:\\\/\\\/associationverticale.com\\\/\",\"name\":\"ASSOCIATION VERTICALE\",\"description\":\"Soutien \u00e0 la recherche sur les traumatismes de la moelle \u00e9pini\u00e8re\",\"publisher\":{\"@id\":\"https:\\\/\\\/associationverticale.com\\\/#organization\"},\"potentialAction\":[{\"@type\":\"SearchAction\",\"target\":{\"@type\":\"EntryPoint\",\"urlTemplate\":\"https:\\\/\\\/associationverticale.com\\\/?s={search_term_string}\"},\"query-input\":{\"@type\":\"PropertyValueSpecification\",\"valueRequired\":true,\"valueName\":\"search_term_string\"}}],\"inLanguage\":\"fr-FR\"},{\"@type\":\"Organization\",\"@id\":\"https:\\\/\\\/associationverticale.com\\\/#organization\",\"name\":\"ASSOCIATION VERTICALE\",\"url\":\"https:\\\/\\\/associationverticale.com\\\/\",\"logo\":{\"@type\":\"ImageObject\",\"inLanguage\":\"fr-FR\",\"@id\":\"https:\\\/\\\/associationverticale.com\\\/#\\\/schema\\\/logo\\\/image\\\/\",\"url\":\"https:\\\/\\\/associationverticale.com\\\/wp-content\\\/uploads\\\/2023\\\/05\\\/cropped-Nouveau-logo-Verticale.jpg\",\"contentUrl\":\"https:\\\/\\\/associationverticale.com\\\/wp-content\\\/uploads\\\/2023\\\/05\\\/cropped-Nouveau-logo-Verticale.jpg\",\"width\":741,\"height\":666,\"caption\":\"ASSOCIATION VERTICALE\"},\"image\":{\"@id\":\"https:\\\/\\\/associationverticale.com\\\/#\\\/schema\\\/logo\\\/image\\\/\"},\"sameAs\":[\"https:\\\/\\\/www.facebook.com\\\/profile.php?id=100066388404898\"]}]}<\/script>\n<!-- \/ Yoast SEO plugin. -->","yoast_head_json":{"title":"VERTICALE - L'association - ASSOCIATION VERTICALE","robots":{"index":"index","follow":"follow","max-snippet":"max-snippet:-1","max-image-preview":"max-image-preview:large","max-video-preview":"max-video-preview:-1"},"canonical":"https:\/\/associationverticale.com\/index.php\/verticale-lassociation\/","og_locale":"fr_FR","og_type":"article","og_title":"VERTICALE - L'association - ASSOCIATION VERTICALE","og_description":"La vie ne tient qu\u2019\u00e0 un fil ! Pour les victimes d\u2019accidents qui se retrouvent paralys\u00e9es, ce fil c\u2019\u00e9tait leur moelle \u00e9pini\u00e8re. Ce cordon m\u00e9dullaire qui innerve chaque partie de notre corps est bien fragile malgr\u00e9 cette colonne vert\u00e9brale qui le prot\u00e8ge, en vain ! Lorsqu\u2019un accident\u00e9 subit un choc [&hellip;]","og_url":"https:\/\/associationverticale.com\/index.php\/verticale-lassociation\/","og_site_name":"ASSOCIATION VERTICALE","article_publisher":"https:\/\/www.facebook.com\/profile.php?id=100066388404898","article_modified_time":"2025-05-22T13:54:43+00:00","twitter_card":"summary_large_image","twitter_misc":{"Dur\u00e9e de lecture estim\u00e9e":"2 minutes"},"schema":{"@context":"https:\/\/schema.org","@graph":[{"@type":"WebPage","@id":"https:\/\/associationverticale.com\/index.php\/verticale-lassociation\/","url":"https:\/\/associationverticale.com\/index.php\/verticale-lassociation\/","name":"VERTICALE - L'association - ASSOCIATION VERTICALE","isPartOf":{"@id":"https:\/\/associationverticale.com\/#website"},"datePublished":"2023-04-27T13:26:06+00:00","dateModified":"2025-05-22T13:54:43+00:00","breadcrumb":{"@id":"https:\/\/associationverticale.com\/index.php\/verticale-lassociation\/#breadcrumb"},"inLanguage":"fr-FR","potentialAction":[{"@type":"ReadAction","target":["https:\/\/associationverticale.com\/index.php\/verticale-lassociation\/"]}]},{"@type":"BreadcrumbList","@id":"https:\/\/associationverticale.com\/index.php\/verticale-lassociation\/#breadcrumb","itemListElement":[{"@type":"ListItem","position":1,"name":"Accueil","item":"https:\/\/associationverticale.com\/"},{"@type":"ListItem","position":2,"name":"VERTICALE &#8211; L&rsquo;association"}]},{"@type":"WebSite","@id":"https:\/\/associationverticale.com\/#website","url":"https:\/\/associationverticale.com\/","name":"ASSOCIATION VERTICALE","description":"Soutien \u00e0 la recherche sur les traumatismes de la moelle \u00e9pini\u00e8re","publisher":{"@id":"https:\/\/associationverticale.com\/#organization"},"potentialAction":[{"@type":"SearchAction","target":{"@type":"EntryPoint","urlTemplate":"https:\/\/associationverticale.com\/?s={search_term_string}"},"query-input":{"@type":"PropertyValueSpecification","valueRequired":true,"valueName":"search_term_string"}}],"inLanguage":"fr-FR"},{"@type":"Organization","@id":"https:\/\/associationverticale.com\/#organization","name":"ASSOCIATION VERTICALE","url":"https:\/\/associationverticale.com\/","logo":{"@type":"ImageObject","inLanguage":"fr-FR","@id":"https:\/\/associationverticale.com\/#\/schema\/logo\/image\/","url":"https:\/\/associationverticale.com\/wp-content\/uploads\/2023\/05\/cropped-Nouveau-logo-Verticale.jpg","contentUrl":"https:\/\/associationverticale.com\/wp-content\/uploads\/2023\/05\/cropped-Nouveau-logo-Verticale.jpg","width":741,"height":666,"caption":"ASSOCIATION VERTICALE"},"image":{"@id":"https:\/\/associationverticale.com\/#\/schema\/logo\/image\/"},"sameAs":["https:\/\/www.facebook.com\/profile.php?id=100066388404898"]}]}},"_links":{"self":[{"href":"https:\/\/associationverticale.com\/index.php\/wp-json\/wp\/v2\/pages\/92","targetHints":{"allow":["GET"]}}],"collection":[{"href":"https:\/\/associationverticale.com\/index.php\/wp-json\/wp\/v2\/pages"}],"about":[{"href":"https:\/\/associationverticale.com\/index.php\/wp-json\/wp\/v2\/types\/page"}],"author":[{"embeddable":true,"href":"https:\/\/associationverticale.com\/index.php\/wp-json\/wp\/v2\/users\/1"}],"replies":[{"embeddable":true,"href":"https:\/\/associationverticale.com\/index.php\/wp-json\/wp\/v2\/comments?post=92"}],"version-history":[{"count":63,"href":"https:\/\/associationverticale.com\/index.php\/wp-json\/wp\/v2\/pages\/92\/revisions"}],"predecessor-version":[{"id":3945,"href":"https:\/\/associationverticale.com\/index.php\/wp-json\/wp\/v2\/pages\/92\/revisions\/3945"}],"wp:attachment":[{"href":"https:\/\/associationverticale.com\/index.php\/wp-json\/wp\/v2\/media?parent=92"}],"curies":[{"name":"wp","href":"https:\/\/api.w.org\/{rel}","templated":true}]}}