{"id":94,"date":"2023-04-27T15:31:18","date_gmt":"2023-04-27T13:31:18","guid":{"rendered":"https:\/\/associationverticale.com\/?page_id=94"},"modified":"2024-07-11T17:54:52","modified_gmt":"2024-07-11T15:54:52","slug":"verticale-les-objectifs","status":"publish","type":"page","link":"https:\/\/associationverticale.com\/index.php\/verticale-les-objectifs\/","title":{"rendered":"VERTICALE &#8211; Les objectifs"},"content":{"rendered":"\t\t<div data-elementor-type=\"wp-page\" data-elementor-id=\"94\" class=\"elementor elementor-94\">\n\t\t\t\t\t\t<section class=\"elementor-section elementor-top-section elementor-element elementor-element-15e52892 elementor-section-boxed elementor-section-height-default elementor-section-height-default\" data-id=\"15e52892\" data-element_type=\"section\" data-e-type=\"section\">\n\t\t\t\t\t\t<div class=\"elementor-container elementor-column-gap-default\">\n\t\t\t\t\t<div class=\"elementor-column elementor-col-100 elementor-top-column elementor-element elementor-element-42a6ccac\" data-id=\"42a6ccac\" data-element_type=\"column\" data-e-type=\"column\">\n\t\t\t<div class=\"elementor-widget-wrap elementor-element-populated\">\n\t\t\t\t\t\t<div class=\"elementor-element elementor-element-a088f55 elementor-widget elementor-widget-text-editor\" data-id=\"a088f55\" data-element_type=\"widget\" data-e-type=\"widget\" data-widget_type=\"text-editor.default\">\n\t\t\t\t<div class=\"elementor-widget-container\">\n\t\t\t\t\t\t\t\t\t<p><\/p>\n<div class=\"wp-block-group is-vertical is-layout-flex wp-container-core-group-is-layout-8cf370e7 wp-block-group-is-layout-flex\">\n<p><\/p>\n<p style=\"padding-left: 40px;\"><strong><span style=\"color: #800080;\">Les fonds collect\u00e9s sont utilis\u00e9s pour l&rsquo;achat de mat\u00e9riel de laboratoire.<\/span><\/strong><\/p>\n<p style=\"padding-left: 40px;\"><strong style=\"font-size: inherit; font-family: var( --e-global-typography-text-font-family ), Sans-serif;\"><span style=\"color: #800080;\">L&rsquo;Association VERTICALE r\u00e8gle directement les factures aux fournisseurs afin de garder un droit de regard sur le mat\u00e9riel achet\u00e9.<\/span><\/strong><\/p>\n<p style=\"padding-left: 40px;\"><strong><span style=\"color: #800080;\"><\/span><\/strong><\/p>\n<p style=\"padding-left: 40px;\"><strong><span style=\"color: #800080;\"><\/span><\/strong><\/p>\n<p style=\"padding-left: 40px;\"><strong><span style=\"color: #800080;\">Tout donateur qui fait un don \u00e9gal ou sup\u00e9rieur \u00e0 762 \u20ac re\u00e7oit la copie de la facture qui a \u00e9t\u00e9 pay\u00e9e en partie ou en totalit\u00e9 par ledit don.<\/span><\/strong><\/p>\n<p style=\"padding-left: 40px;\"><strong><span style=\"color: #800080;\"><\/span><\/strong><\/p>\n<p style=\"padding-left: 40px;\"><strong><span style=\"color: #800080;\"><\/span><\/strong><\/p>\n<p style=\"padding-left: 40px;\"><strong><span style=\"color: #800080;\">Pour les dons inf\u00e9rieurs \u00e0 cette somme nous adressons un re\u00e7u fiscal.<\/span><\/strong><\/p>\n<p style=\"padding-left: 40px;\"><strong><span style=\"color: #800080;\">Depuis la cr\u00e9ation de Verticale en 1991, plus de 1.700.000 euros de mat\u00e9riels on \u00e9t\u00e9 pay\u00e9s par l&rsquo;association, dont 600.000 euros consacr\u00e9s \u00e0 la cr\u00e9ation d&rsquo;un laboratoire IRM qui porte aujourd&rsquo;hui le nom de l&rsquo;Association Verticale \u00e0 l&rsquo;Universit\u00e9 de MONTPELLIER (34).<\/span><\/strong><\/p>\n<p><\/p>\n<\/div>\n<p><\/p>\n<p><\/p>\n<p class=\"has-black-color has-text-color has-medium-font-size\"><\/p>\n<p><\/p>\n<p><\/p>\n<p class=\"wp-block-gallery-2 is-layout-flex wp-block-gallery-is-layout-flex\"><\/p>\t\t\t\t\t\t\t\t<\/div>\n\t\t\t\t<\/div>\n\t\t\t\t<div class=\"elementor-element elementor-element-248548e elementor-widget elementor-widget-image\" data-id=\"248548e\" data-element_type=\"widget\" data-e-type=\"widget\" data-widget_type=\"image.default\">\n\t\t\t\t<div class=\"elementor-widget-container\">\n\t\t\t\t\t\t\t\t\t\t\t\t\t\t\t<img fetchpriority=\"high\" decoding=\"async\" width=\"500\" height=\"375\" src=\"https:\/\/associationverticale.com\/wp-content\/uploads\/2023\/04\/La-recherche-1-Inauguration-IRM-septembre-2012-2.jpg\" class=\"attachment-large size-large wp-image-454\" alt=\"\" srcset=\"https:\/\/associationverticale.com\/wp-content\/uploads\/2023\/04\/La-recherche-1-Inauguration-IRM-septembre-2012-2.jpg 500w, https:\/\/associationverticale.com\/wp-content\/uploads\/2023\/04\/La-recherche-1-Inauguration-IRM-septembre-2012-2-300x225.jpg 300w\" sizes=\"(max-width: 500px) 100vw, 500px\" \/>\t\t\t\t\t\t\t\t\t\t\t\t\t\t\t<\/div>\n\t\t\t\t<\/div>\n\t\t\t\t<div class=\"elementor-element elementor-element-b98575c elementor-widget elementor-widget-image\" data-id=\"b98575c\" data-element_type=\"widget\" data-e-type=\"widget\" data-widget_type=\"image.default\">\n\t\t\t\t<div class=\"elementor-widget-container\">\n\t\t\t\t\t\t\t\t\t\t\t\t\t\t\t<img decoding=\"async\" width=\"500\" height=\"375\" src=\"https:\/\/associationverticale.com\/wp-content\/uploads\/2023\/04\/La-recherche-1-IRM-2.jpg\" class=\"attachment-large size-large wp-image-457\" alt=\"\" srcset=\"https:\/\/associationverticale.com\/wp-content\/uploads\/2023\/04\/La-recherche-1-IRM-2.jpg 500w, https:\/\/associationverticale.com\/wp-content\/uploads\/2023\/04\/La-recherche-1-IRM-2-300x225.jpg 300w\" sizes=\"(max-width: 500px) 100vw, 500px\" \/>\t\t\t\t\t\t\t\t\t\t\t\t\t\t\t<\/div>\n\t\t\t\t<\/div>\n\t\t\t\t<div class=\"elementor-element elementor-element-e7d4f7f elementor-widget elementor-widget-image\" data-id=\"e7d4f7f\" data-element_type=\"widget\" data-e-type=\"widget\" data-widget_type=\"image.default\">\n\t\t\t\t<div class=\"elementor-widget-container\">\n\t\t\t\t\t\t\t\t\t\t\t\t\t\t\t<img decoding=\"async\" width=\"750\" height=\"958\" src=\"https:\/\/associationverticale.com\/wp-content\/uploads\/2023\/04\/La-recherche-1-Photo-entree-plateforme-08.06.15-2-802x1024.jpg\" class=\"attachment-large size-large wp-image-455\" alt=\"\" srcset=\"https:\/\/associationverticale.com\/wp-content\/uploads\/2023\/04\/La-recherche-1-Photo-entree-plateforme-08.06.15-2-802x1024.jpg 802w, https:\/\/associationverticale.com\/wp-content\/uploads\/2023\/04\/La-recherche-1-Photo-entree-plateforme-08.06.15-2-235x300.jpg 235w, https:\/\/associationverticale.com\/wp-content\/uploads\/2023\/04\/La-recherche-1-Photo-entree-plateforme-08.06.15-2-768x981.jpg 768w, https:\/\/associationverticale.com\/wp-content\/uploads\/2023\/04\/La-recherche-1-Photo-entree-plateforme-08.06.15-2.jpg 1002w\" sizes=\"(max-width: 750px) 100vw, 750px\" \/>\t\t\t\t\t\t\t\t\t\t\t\t\t\t\t<\/div>\n\t\t\t\t<\/div>\n\t\t\t\t\t<\/div>\n\t\t<\/div>\n\t\t\t\t\t<\/div>\n\t\t<\/section>\n\t\t\t\t<\/div>\n\t\t","protected":false},"excerpt":{"rendered":"<p>Les fonds collect\u00e9s sont utilis\u00e9s pour l&rsquo;achat de mat\u00e9riel de laboratoire. L&rsquo;Association VERTICALE r\u00e8gle directement les factures aux fournisseurs afin de garder un droit de regard sur le mat\u00e9riel achet\u00e9. Tout donateur qui fait un don \u00e9gal ou sup\u00e9rieur \u00e0 762 \u20ac re\u00e7oit la copie de la facture qui a [&hellip;]<\/p>\n","protected":false},"author":1,"featured_media":0,"parent":0,"menu_order":0,"comment_status":"closed","ping_status":"closed","template":"","meta":{"footnotes":""},"class_list":["post-94","page","type-page","status-publish","hentry"],"yoast_head":"<!-- This site is optimized with the Yoast SEO plugin v27.4 - https:\/\/yoast.com\/product\/yoast-seo-wordpress\/ -->\n<title>VERTICALE - Les objectifs - ASSOCIATION VERTICALE<\/title>\n<meta name=\"robots\" content=\"index, follow, max-snippet:-1, max-image-preview:large, max-video-preview:-1\" \/>\n<link rel=\"canonical\" href=\"https:\/\/associationverticale.com\/index.php\/verticale-les-objectifs\/\" \/>\n<meta property=\"og:locale\" content=\"fr_FR\" \/>\n<meta property=\"og:type\" content=\"article\" \/>\n<meta property=\"og:title\" content=\"VERTICALE - Les objectifs - ASSOCIATION VERTICALE\" \/>\n<meta property=\"og:description\" content=\"Les fonds collect\u00e9s sont utilis\u00e9s pour l&rsquo;achat de mat\u00e9riel de laboratoire. L&rsquo;Association VERTICALE r\u00e8gle directement les factures aux fournisseurs afin de garder un droit de regard sur le mat\u00e9riel achet\u00e9. Tout donateur qui fait un don \u00e9gal ou sup\u00e9rieur \u00e0 762 \u20ac re\u00e7oit la copie de la facture qui a [&hellip;]\" \/>\n<meta property=\"og:url\" content=\"https:\/\/associationverticale.com\/index.php\/verticale-les-objectifs\/\" \/>\n<meta property=\"og:site_name\" content=\"ASSOCIATION VERTICALE\" \/>\n<meta property=\"article:publisher\" content=\"https:\/\/www.facebook.com\/profile.php?id=100066388404898\" \/>\n<meta property=\"article:modified_time\" content=\"2024-07-11T15:54:52+00:00\" \/>\n<meta property=\"og:image\" content=\"https:\/\/associationverticale.com\/wp-content\/uploads\/2023\/04\/La-recherche-1-Inauguration-IRM-septembre-2012-2.jpg\" \/>\n<meta name=\"twitter:card\" content=\"summary_large_image\" \/>\n<meta name=\"twitter:label1\" content=\"Dur\u00e9e de lecture estim\u00e9e\" \/>\n\t<meta name=\"twitter:data1\" content=\"2 minutes\" \/>\n<script type=\"application\/ld+json\" class=\"yoast-schema-graph\">{\"@context\":\"https:\\\/\\\/schema.org\",\"@graph\":[{\"@type\":\"WebPage\",\"@id\":\"https:\\\/\\\/associationverticale.com\\\/index.php\\\/verticale-les-objectifs\\\/\",\"url\":\"https:\\\/\\\/associationverticale.com\\\/index.php\\\/verticale-les-objectifs\\\/\",\"name\":\"VERTICALE - Les objectifs - ASSOCIATION VERTICALE\",\"isPartOf\":{\"@id\":\"https:\\\/\\\/associationverticale.com\\\/#website\"},\"primaryImageOfPage\":{\"@id\":\"https:\\\/\\\/associationverticale.com\\\/index.php\\\/verticale-les-objectifs\\\/#primaryimage\"},\"image\":{\"@id\":\"https:\\\/\\\/associationverticale.com\\\/index.php\\\/verticale-les-objectifs\\\/#primaryimage\"},\"thumbnailUrl\":\"https:\\\/\\\/associationverticale.com\\\/wp-content\\\/uploads\\\/2023\\\/04\\\/La-recherche-1-Inauguration-IRM-septembre-2012-2.jpg\",\"datePublished\":\"2023-04-27T13:31:18+00:00\",\"dateModified\":\"2024-07-11T15:54:52+00:00\",\"breadcrumb\":{\"@id\":\"https:\\\/\\\/associationverticale.com\\\/index.php\\\/verticale-les-objectifs\\\/#breadcrumb\"},\"inLanguage\":\"fr-FR\",\"potentialAction\":[{\"@type\":\"ReadAction\",\"target\":[\"https:\\\/\\\/associationverticale.com\\\/index.php\\\/verticale-les-objectifs\\\/\"]}]},{\"@type\":\"ImageObject\",\"inLanguage\":\"fr-FR\",\"@id\":\"https:\\\/\\\/associationverticale.com\\\/index.php\\\/verticale-les-objectifs\\\/#primaryimage\",\"url\":\"https:\\\/\\\/associationverticale.com\\\/wp-content\\\/uploads\\\/2023\\\/04\\\/La-recherche-1-Inauguration-IRM-septembre-2012-2.jpg\",\"contentUrl\":\"https:\\\/\\\/associationverticale.com\\\/wp-content\\\/uploads\\\/2023\\\/04\\\/La-recherche-1-Inauguration-IRM-septembre-2012-2.jpg\",\"width\":500,\"height\":375,\"caption\":\"Ceci est une l\u00e9gende\"},{\"@type\":\"BreadcrumbList\",\"@id\":\"https:\\\/\\\/associationverticale.com\\\/index.php\\\/verticale-les-objectifs\\\/#breadcrumb\",\"itemListElement\":[{\"@type\":\"ListItem\",\"position\":1,\"name\":\"Accueil\",\"item\":\"https:\\\/\\\/associationverticale.com\\\/\"},{\"@type\":\"ListItem\",\"position\":2,\"name\":\"VERTICALE &#8211; Les objectifs\"}]},{\"@type\":\"WebSite\",\"@id\":\"https:\\\/\\\/associationverticale.com\\\/#website\",\"url\":\"https:\\\/\\\/associationverticale.com\\\/\",\"name\":\"ASSOCIATION VERTICALE\",\"description\":\"Soutien \u00e0 la recherche sur les traumatismes de la moelle \u00e9pini\u00e8re\",\"publisher\":{\"@id\":\"https:\\\/\\\/associationverticale.com\\\/#organization\"},\"potentialAction\":[{\"@type\":\"SearchAction\",\"target\":{\"@type\":\"EntryPoint\",\"urlTemplate\":\"https:\\\/\\\/associationverticale.com\\\/?s={search_term_string}\"},\"query-input\":{\"@type\":\"PropertyValueSpecification\",\"valueRequired\":true,\"valueName\":\"search_term_string\"}}],\"inLanguage\":\"fr-FR\"},{\"@type\":\"Organization\",\"@id\":\"https:\\\/\\\/associationverticale.com\\\/#organization\",\"name\":\"ASSOCIATION VERTICALE\",\"url\":\"https:\\\/\\\/associationverticale.com\\\/\",\"logo\":{\"@type\":\"ImageObject\",\"inLanguage\":\"fr-FR\",\"@id\":\"https:\\\/\\\/associationverticale.com\\\/#\\\/schema\\\/logo\\\/image\\\/\",\"url\":\"https:\\\/\\\/associationverticale.com\\\/wp-content\\\/uploads\\\/2023\\\/05\\\/cropped-Nouveau-logo-Verticale.jpg\",\"contentUrl\":\"https:\\\/\\\/associationverticale.com\\\/wp-content\\\/uploads\\\/2023\\\/05\\\/cropped-Nouveau-logo-Verticale.jpg\",\"width\":741,\"height\":666,\"caption\":\"ASSOCIATION VERTICALE\"},\"image\":{\"@id\":\"https:\\\/\\\/associationverticale.com\\\/#\\\/schema\\\/logo\\\/image\\\/\"},\"sameAs\":[\"https:\\\/\\\/www.facebook.com\\\/profile.php?id=100066388404898\"]}]}<\/script>\n<!-- \/ Yoast SEO plugin. -->","yoast_head_json":{"title":"VERTICALE - Les objectifs - ASSOCIATION VERTICALE","robots":{"index":"index","follow":"follow","max-snippet":"max-snippet:-1","max-image-preview":"max-image-preview:large","max-video-preview":"max-video-preview:-1"},"canonical":"https:\/\/associationverticale.com\/index.php\/verticale-les-objectifs\/","og_locale":"fr_FR","og_type":"article","og_title":"VERTICALE - Les objectifs - ASSOCIATION VERTICALE","og_description":"Les fonds collect\u00e9s sont utilis\u00e9s pour l&rsquo;achat de mat\u00e9riel de laboratoire. L&rsquo;Association VERTICALE r\u00e8gle directement les factures aux fournisseurs afin de garder un droit de regard sur le mat\u00e9riel achet\u00e9. Tout donateur qui fait un don \u00e9gal ou sup\u00e9rieur \u00e0 762 \u20ac re\u00e7oit la copie de la facture qui a [&hellip;]","og_url":"https:\/\/associationverticale.com\/index.php\/verticale-les-objectifs\/","og_site_name":"ASSOCIATION VERTICALE","article_publisher":"https:\/\/www.facebook.com\/profile.php?id=100066388404898","article_modified_time":"2024-07-11T15:54:52+00:00","og_image":[{"url":"https:\/\/associationverticale.com\/wp-content\/uploads\/2023\/04\/La-recherche-1-Inauguration-IRM-septembre-2012-2.jpg","type":"","width":"","height":""}],"twitter_card":"summary_large_image","twitter_misc":{"Dur\u00e9e de lecture estim\u00e9e":"2 minutes"},"schema":{"@context":"https:\/\/schema.org","@graph":[{"@type":"WebPage","@id":"https:\/\/associationverticale.com\/index.php\/verticale-les-objectifs\/","url":"https:\/\/associationverticale.com\/index.php\/verticale-les-objectifs\/","name":"VERTICALE - Les objectifs - ASSOCIATION VERTICALE","isPartOf":{"@id":"https:\/\/associationverticale.com\/#website"},"primaryImageOfPage":{"@id":"https:\/\/associationverticale.com\/index.php\/verticale-les-objectifs\/#primaryimage"},"image":{"@id":"https:\/\/associationverticale.com\/index.php\/verticale-les-objectifs\/#primaryimage"},"thumbnailUrl":"https:\/\/associationverticale.com\/wp-content\/uploads\/2023\/04\/La-recherche-1-Inauguration-IRM-septembre-2012-2.jpg","datePublished":"2023-04-27T13:31:18+00:00","dateModified":"2024-07-11T15:54:52+00:00","breadcrumb":{"@id":"https:\/\/associationverticale.com\/index.php\/verticale-les-objectifs\/#breadcrumb"},"inLanguage":"fr-FR","potentialAction":[{"@type":"ReadAction","target":["https:\/\/associationverticale.com\/index.php\/verticale-les-objectifs\/"]}]},{"@type":"ImageObject","inLanguage":"fr-FR","@id":"https:\/\/associationverticale.com\/index.php\/verticale-les-objectifs\/#primaryimage","url":"https:\/\/associationverticale.com\/wp-content\/uploads\/2023\/04\/La-recherche-1-Inauguration-IRM-septembre-2012-2.jpg","contentUrl":"https:\/\/associationverticale.com\/wp-content\/uploads\/2023\/04\/La-recherche-1-Inauguration-IRM-septembre-2012-2.jpg","width":500,"height":375,"caption":"Ceci est une l\u00e9gende"},{"@type":"BreadcrumbList","@id":"https:\/\/associationverticale.com\/index.php\/verticale-les-objectifs\/#breadcrumb","itemListElement":[{"@type":"ListItem","position":1,"name":"Accueil","item":"https:\/\/associationverticale.com\/"},{"@type":"ListItem","position":2,"name":"VERTICALE &#8211; Les objectifs"}]},{"@type":"WebSite","@id":"https:\/\/associationverticale.com\/#website","url":"https:\/\/associationverticale.com\/","name":"ASSOCIATION VERTICALE","description":"Soutien \u00e0 la recherche sur les traumatismes de la moelle \u00e9pini\u00e8re","publisher":{"@id":"https:\/\/associationverticale.com\/#organization"},"potentialAction":[{"@type":"SearchAction","target":{"@type":"EntryPoint","urlTemplate":"https:\/\/associationverticale.com\/?s={search_term_string}"},"query-input":{"@type":"PropertyValueSpecification","valueRequired":true,"valueName":"search_term_string"}}],"inLanguage":"fr-FR"},{"@type":"Organization","@id":"https:\/\/associationverticale.com\/#organization","name":"ASSOCIATION VERTICALE","url":"https:\/\/associationverticale.com\/","logo":{"@type":"ImageObject","inLanguage":"fr-FR","@id":"https:\/\/associationverticale.com\/#\/schema\/logo\/image\/","url":"https:\/\/associationverticale.com\/wp-content\/uploads\/2023\/05\/cropped-Nouveau-logo-Verticale.jpg","contentUrl":"https:\/\/associationverticale.com\/wp-content\/uploads\/2023\/05\/cropped-Nouveau-logo-Verticale.jpg","width":741,"height":666,"caption":"ASSOCIATION VERTICALE"},"image":{"@id":"https:\/\/associationverticale.com\/#\/schema\/logo\/image\/"},"sameAs":["https:\/\/www.facebook.com\/profile.php?id=100066388404898"]}]}},"_links":{"self":[{"href":"https:\/\/associationverticale.com\/index.php\/wp-json\/wp\/v2\/pages\/94","targetHints":{"allow":["GET"]}}],"collection":[{"href":"https:\/\/associationverticale.com\/index.php\/wp-json\/wp\/v2\/pages"}],"about":[{"href":"https:\/\/associationverticale.com\/index.php\/wp-json\/wp\/v2\/types\/page"}],"author":[{"embeddable":true,"href":"https:\/\/associationverticale.com\/index.php\/wp-json\/wp\/v2\/users\/1"}],"replies":[{"embeddable":true,"href":"https:\/\/associationverticale.com\/index.php\/wp-json\/wp\/v2\/comments?post=94"}],"version-history":[{"count":21,"href":"https:\/\/associationverticale.com\/index.php\/wp-json\/wp\/v2\/pages\/94\/revisions"}],"predecessor-version":[{"id":3738,"href":"https:\/\/associationverticale.com\/index.php\/wp-json\/wp\/v2\/pages\/94\/revisions\/3738"}],"wp:attachment":[{"href":"https:\/\/associationverticale.com\/index.php\/wp-json\/wp\/v2\/media?parent=94"}],"curies":[{"name":"wp","href":"https:\/\/api.w.org\/{rel}","templated":true}]}}