{"id":99,"date":"2023-04-29T16:21:04","date_gmt":"2023-04-29T14:21:04","guid":{"rendered":"https:\/\/associationverticale.com\/?page_id=99"},"modified":"2025-12-09T20:04:11","modified_gmt":"2025-12-09T19:04:11","slug":"verticale-les-partenaires","status":"publish","type":"page","link":"https:\/\/associationverticale.com\/index.php\/verticale-les-partenaires\/","title":{"rendered":"VERTICALE &#8211; Les partenaires"},"content":{"rendered":"\t\t<div data-elementor-type=\"wp-page\" data-elementor-id=\"99\" class=\"elementor elementor-99\">\n\t\t\t\t\t\t<section class=\"elementor-section elementor-top-section elementor-element elementor-element-f22e181 elementor-section-boxed elementor-section-height-default elementor-section-height-default\" data-id=\"f22e181\" data-element_type=\"section\" data-e-type=\"section\">\n\t\t\t\t\t\t<div class=\"elementor-container elementor-column-gap-default\">\n\t\t\t\t\t<div class=\"elementor-column elementor-col-50 elementor-top-column elementor-element elementor-element-09de7af\" data-id=\"09de7af\" data-element_type=\"column\" data-e-type=\"column\">\n\t\t\t<div class=\"elementor-widget-wrap\">\n\t\t\t\t\t\t\t<\/div>\n\t\t<\/div>\n\t\t\t\t<div class=\"elementor-column elementor-col-50 elementor-top-column elementor-element elementor-element-001799a\" data-id=\"001799a\" data-element_type=\"column\" data-e-type=\"column\">\n\t\t\t<div class=\"elementor-widget-wrap\">\n\t\t\t\t\t\t\t<\/div>\n\t\t<\/div>\n\t\t\t\t\t<\/div>\n\t\t<\/section>\n\t\t\t\t<section class=\"elementor-section elementor-top-section elementor-element elementor-element-6ffd3250 elementor-section-boxed elementor-section-height-default elementor-section-height-default\" data-id=\"6ffd3250\" data-element_type=\"section\" data-e-type=\"section\">\n\t\t\t\t\t\t<div class=\"elementor-container elementor-column-gap-default\">\n\t\t\t\t\t<div class=\"elementor-column elementor-col-100 elementor-top-column elementor-element elementor-element-68b4cdab\" data-id=\"68b4cdab\" data-element_type=\"column\" data-e-type=\"column\">\n\t\t\t<div class=\"elementor-widget-wrap elementor-element-populated\">\n\t\t\t\t\t\t<div class=\"elementor-element elementor-element-676bf3b6 elementor-widget elementor-widget-text-editor\" data-id=\"676bf3b6\" data-element_type=\"widget\" data-e-type=\"widget\" data-widget_type=\"text-editor.default\">\n\t\t\t\t<div class=\"elementor-widget-container\">\n\t\t\t\t\t\t\t\t\t<p class=\"has-black-color has-text-color has-medium-font-size\">La confiance que nous accordent nos g\u00e9n\u00e9reux donateurs, la chaleur humaine et la solidarit\u00e9 rencontr\u00e9es lors de nos manifestations mais aussi l\u2019enthousiasme et l\u2019appui inconditionnel de la Professeure Florence PERRIN, sont pour VERTICALE autant de raisons de se battre pour que l\u2019espoir devienne, un jour, r\u00e9alit\u00e9.<\/p>\n<p><!-- \/wp:paragraph --><\/p>\n<p><!-- wp:paragraph {\"textColor\":\"black\",\"fontSize\":\"medium\"} --><\/p>\n<p class=\"has-black-color has-text-color has-medium-font-size\">La recherche m\u00e9dicale a certes besoin de temps pour avancer, mais aussi d\u2019argent pour atteindre ses objectifs. Alors donnons-lui un peu des deux.<\/p>\n<p><!-- \/wp:paragraph --><\/p>\n<p><!-- wp:paragraph {\"textColor\":\"black\",\"fontSize\":\"medium\"} --><\/p>\n<p class=\"has-black-color has-text-color has-medium-font-size\"><strong>Aucun progr\u00e8s n\u2019est modeste, aucun don ne le sera.<\/strong><\/p>\n<figure class=\"wp-block-gallery has-nested-images columns-default is-cropped\">\n<figure class=\"wp-block-image size-large\">\u00a0<\/figure>\n<figure class=\"wp-block-image size-large\"><\/figure>\n<figure class=\"wp-block-image size-large\"><\/figure>\n<p><!-- \/wp:image --><\/p>\n<\/figure>\n<p><!-- \/wp:gallery --><\/p>\t\t\t\t\t\t\t\t<\/div>\n\t\t\t\t<\/div>\n\t\t\t\t<div class=\"elementor-element elementor-element-3b672e5 elementor-widget elementor-widget-image\" data-id=\"3b672e5\" data-element_type=\"widget\" data-e-type=\"widget\" data-widget_type=\"image.default\">\n\t\t\t\t<div class=\"elementor-widget-container\">\n\t\t\t\t\t\t\t\t\t\t\t\t\t\t\t<img fetchpriority=\"high\" decoding=\"async\" width=\"500\" height=\"500\" src=\"https:\/\/associationverticale.com\/wp-content\/uploads\/2024\/02\/logo-Ville-de-Grigny.jpg\" class=\"attachment-large size-large wp-image-3457\" alt=\"\" srcset=\"https:\/\/associationverticale.com\/wp-content\/uploads\/2024\/02\/logo-Ville-de-Grigny.jpg 500w, https:\/\/associationverticale.com\/wp-content\/uploads\/2024\/02\/logo-Ville-de-Grigny-300x300.jpg 300w, https:\/\/associationverticale.com\/wp-content\/uploads\/2024\/02\/logo-Ville-de-Grigny-150x150.jpg 150w\" sizes=\"(max-width: 500px) 100vw, 500px\" \/>\t\t\t\t\t\t\t\t\t\t\t\t\t\t\t<\/div>\n\t\t\t\t<\/div>\n\t\t\t\t<div class=\"elementor-element elementor-element-c43536f elementor-widget elementor-widget-image\" data-id=\"c43536f\" data-element_type=\"widget\" data-e-type=\"widget\" data-widget_type=\"image.default\">\n\t\t\t\t<div class=\"elementor-widget-container\">\n\t\t\t\t\t\t\t\t\t\t\t\t\t\t\t<img decoding=\"async\" width=\"155\" height=\"87\" src=\"https:\/\/associationverticale.com\/wp-content\/uploads\/2024\/02\/logo-Credit-Agricole-des-Savoie-1-edited.jpg\" class=\"attachment-medium size-medium wp-image-3456\" alt=\"\" \/>\t\t\t\t\t\t\t\t\t\t\t\t\t\t\t<\/div>\n\t\t\t\t<\/div>\n\t\t\t\t<div class=\"elementor-element elementor-element-bac8453 elementor-widget elementor-widget-image\" data-id=\"bac8453\" data-element_type=\"widget\" data-e-type=\"widget\" data-widget_type=\"image.default\">\n\t\t\t\t<div class=\"elementor-widget-container\">\n\t\t\t\t\t\t\t\t\t\t\t\t\t\t\t<img decoding=\"async\" width=\"462\" height=\"731\" src=\"https:\/\/associationverticale.com\/wp-content\/uploads\/2025\/12\/Capture-Partenaires-2025.jpg\" class=\"attachment-medium_large size-medium_large wp-image-3996\" alt=\"\" srcset=\"https:\/\/associationverticale.com\/wp-content\/uploads\/2025\/12\/Capture-Partenaires-2025.jpg 462w, https:\/\/associationverticale.com\/wp-content\/uploads\/2025\/12\/Capture-Partenaires-2025-190x300.jpg 190w\" sizes=\"(max-width: 462px) 100vw, 462px\" \/>\t\t\t\t\t\t\t\t\t\t\t\t\t\t\t<\/div>\n\t\t\t\t<\/div>\n\t\t\t\t<div class=\"elementor-element elementor-element-303a536 elementor-widget elementor-widget-image\" data-id=\"303a536\" data-element_type=\"widget\" data-e-type=\"widget\" data-widget_type=\"image.default\">\n\t\t\t\t<div class=\"elementor-widget-container\">\n\t\t\t\t\t\t\t\t\t\t\t\t\t\t\t<img loading=\"lazy\" decoding=\"async\" width=\"591\" height=\"830\" src=\"https:\/\/associationverticale.com\/wp-content\/uploads\/2025\/05\/Partenaires-de-Verticale-a-SAINT-GENIX-AOSTE-et-NOVALAISE-1.jpg\" class=\"attachment-large size-large wp-image-3946\" alt=\"\" srcset=\"https:\/\/associationverticale.com\/wp-content\/uploads\/2025\/05\/Partenaires-de-Verticale-a-SAINT-GENIX-AOSTE-et-NOVALAISE-1.jpg 591w, https:\/\/associationverticale.com\/wp-content\/uploads\/2025\/05\/Partenaires-de-Verticale-a-SAINT-GENIX-AOSTE-et-NOVALAISE-1-214x300.jpg 214w\" sizes=\"(max-width: 591px) 100vw, 591px\" \/>\t\t\t\t\t\t\t\t\t\t\t\t\t\t\t<\/div>\n\t\t\t\t<\/div>\n\t\t\t\t<div class=\"elementor-element elementor-element-dfe549f elementor-widget elementor-widget-image\" data-id=\"dfe549f\" data-element_type=\"widget\" data-e-type=\"widget\" data-widget_type=\"image.default\">\n\t\t\t\t<div class=\"elementor-widget-container\">\n\t\t\t\t\t\t\t\t\t\t\t\t\t\t\t<img loading=\"lazy\" decoding=\"async\" width=\"750\" height=\"814\" src=\"https:\/\/associationverticale.com\/wp-content\/uploads\/2023\/12\/Partenaires-EOGN-2023.jpg\" class=\"attachment-large size-large wp-image-2982\" alt=\"\" srcset=\"https:\/\/associationverticale.com\/wp-content\/uploads\/2023\/12\/Partenaires-EOGN-2023.jpg 750w, https:\/\/associationverticale.com\/wp-content\/uploads\/2023\/12\/Partenaires-EOGN-2023-276x300.jpg 276w\" sizes=\"(max-width: 750px) 100vw, 750px\" \/>\t\t\t\t\t\t\t\t\t\t\t\t\t\t\t<\/div>\n\t\t\t\t<\/div>\n\t\t\t\t\t<\/div>\n\t\t<\/div>\n\t\t\t\t\t<\/div>\n\t\t<\/section>\n\t\t\t\t<section class=\"elementor-section elementor-top-section elementor-element elementor-element-b108f5b elementor-section-boxed elementor-section-height-default elementor-section-height-default\" data-id=\"b108f5b\" data-element_type=\"section\" data-e-type=\"section\">\n\t\t\t\t\t\t<div class=\"elementor-container elementor-column-gap-default\">\n\t\t\t\t\t<div class=\"elementor-column elementor-col-100 elementor-top-column elementor-element elementor-element-520d85d\" data-id=\"520d85d\" data-element_type=\"column\" data-e-type=\"column\">\n\t\t\t<div class=\"elementor-widget-wrap\">\n\t\t\t\t\t\t\t<\/div>\n\t\t<\/div>\n\t\t\t\t\t<\/div>\n\t\t<\/section>\n\t\t\t\t<\/div>\n\t\t","protected":false},"excerpt":{"rendered":"<p>La confiance que nous accordent nos g\u00e9n\u00e9reux donateurs, la chaleur humaine et la solidarit\u00e9 rencontr\u00e9es lors de nos manifestations mais aussi l\u2019enthousiasme et l\u2019appui inconditionnel de la Professeure Florence PERRIN, sont pour VERTICALE autant de raisons de se battre pour que l\u2019espoir devienne, un jour, r\u00e9alit\u00e9. La recherche m\u00e9dicale a [&hellip;]<\/p>\n","protected":false},"author":1,"featured_media":0,"parent":0,"menu_order":0,"comment_status":"closed","ping_status":"closed","template":"","meta":{"footnotes":""},"class_list":["post-99","page","type-page","status-publish","hentry"],"yoast_head":"<!-- This site is optimized with the Yoast SEO plugin v27.4 - https:\/\/yoast.com\/product\/yoast-seo-wordpress\/ -->\n<title>VERTICALE - Les partenaires - ASSOCIATION VERTICALE<\/title>\n<meta name=\"robots\" content=\"index, follow, max-snippet:-1, max-image-preview:large, max-video-preview:-1\" \/>\n<link rel=\"canonical\" href=\"https:\/\/associationverticale.com\/index.php\/verticale-les-partenaires\/\" \/>\n<meta property=\"og:locale\" content=\"fr_FR\" \/>\n<meta property=\"og:type\" content=\"article\" \/>\n<meta property=\"og:title\" content=\"VERTICALE - Les partenaires - ASSOCIATION VERTICALE\" \/>\n<meta property=\"og:description\" content=\"La confiance que nous accordent nos g\u00e9n\u00e9reux donateurs, la chaleur humaine et la solidarit\u00e9 rencontr\u00e9es lors de nos manifestations mais aussi l\u2019enthousiasme et l\u2019appui inconditionnel de la Professeure Florence PERRIN, sont pour VERTICALE autant de raisons de se battre pour que l\u2019espoir devienne, un jour, r\u00e9alit\u00e9. La recherche m\u00e9dicale a [&hellip;]\" \/>\n<meta property=\"og:url\" content=\"https:\/\/associationverticale.com\/index.php\/verticale-les-partenaires\/\" \/>\n<meta property=\"og:site_name\" content=\"ASSOCIATION VERTICALE\" \/>\n<meta property=\"article:publisher\" content=\"https:\/\/www.facebook.com\/profile.php?id=100066388404898\" \/>\n<meta property=\"article:modified_time\" content=\"2025-12-09T19:04:11+00:00\" \/>\n<meta property=\"og:image\" content=\"https:\/\/associationverticale.com\/wp-content\/uploads\/2024\/02\/logo-Ville-de-Grigny.jpg\" \/>\n\t<meta property=\"og:image:width\" content=\"500\" \/>\n\t<meta property=\"og:image:height\" content=\"500\" \/>\n\t<meta property=\"og:image:type\" content=\"image\/jpeg\" \/>\n<meta name=\"twitter:card\" content=\"summary_large_image\" \/>\n<meta name=\"twitter:label1\" content=\"Dur\u00e9e de lecture estim\u00e9e\" \/>\n\t<meta name=\"twitter:data1\" content=\"2 minutes\" \/>\n<script type=\"application\/ld+json\" class=\"yoast-schema-graph\">{\"@context\":\"https:\\\/\\\/schema.org\",\"@graph\":[{\"@type\":\"WebPage\",\"@id\":\"https:\\\/\\\/associationverticale.com\\\/index.php\\\/verticale-les-partenaires\\\/\",\"url\":\"https:\\\/\\\/associationverticale.com\\\/index.php\\\/verticale-les-partenaires\\\/\",\"name\":\"VERTICALE - Les partenaires - ASSOCIATION VERTICALE\",\"isPartOf\":{\"@id\":\"https:\\\/\\\/associationverticale.com\\\/#website\"},\"primaryImageOfPage\":{\"@id\":\"https:\\\/\\\/associationverticale.com\\\/index.php\\\/verticale-les-partenaires\\\/#primaryimage\"},\"image\":{\"@id\":\"https:\\\/\\\/associationverticale.com\\\/index.php\\\/verticale-les-partenaires\\\/#primaryimage\"},\"thumbnailUrl\":\"https:\\\/\\\/associationverticale.com\\\/wp-content\\\/uploads\\\/2024\\\/02\\\/logo-Ville-de-Grigny.jpg\",\"datePublished\":\"2023-04-29T14:21:04+00:00\",\"dateModified\":\"2025-12-09T19:04:11+00:00\",\"breadcrumb\":{\"@id\":\"https:\\\/\\\/associationverticale.com\\\/index.php\\\/verticale-les-partenaires\\\/#breadcrumb\"},\"inLanguage\":\"fr-FR\",\"potentialAction\":[{\"@type\":\"ReadAction\",\"target\":[\"https:\\\/\\\/associationverticale.com\\\/index.php\\\/verticale-les-partenaires\\\/\"]}]},{\"@type\":\"ImageObject\",\"inLanguage\":\"fr-FR\",\"@id\":\"https:\\\/\\\/associationverticale.com\\\/index.php\\\/verticale-les-partenaires\\\/#primaryimage\",\"url\":\"https:\\\/\\\/associationverticale.com\\\/wp-content\\\/uploads\\\/2024\\\/02\\\/logo-Ville-de-Grigny.jpg\",\"contentUrl\":\"https:\\\/\\\/associationverticale.com\\\/wp-content\\\/uploads\\\/2024\\\/02\\\/logo-Ville-de-Grigny.jpg\",\"width\":500,\"height\":500},{\"@type\":\"BreadcrumbList\",\"@id\":\"https:\\\/\\\/associationverticale.com\\\/index.php\\\/verticale-les-partenaires\\\/#breadcrumb\",\"itemListElement\":[{\"@type\":\"ListItem\",\"position\":1,\"name\":\"Accueil\",\"item\":\"https:\\\/\\\/associationverticale.com\\\/\"},{\"@type\":\"ListItem\",\"position\":2,\"name\":\"VERTICALE &#8211; Les partenaires\"}]},{\"@type\":\"WebSite\",\"@id\":\"https:\\\/\\\/associationverticale.com\\\/#website\",\"url\":\"https:\\\/\\\/associationverticale.com\\\/\",\"name\":\"ASSOCIATION VERTICALE\",\"description\":\"Soutien \u00e0 la recherche sur les traumatismes de la moelle \u00e9pini\u00e8re\",\"publisher\":{\"@id\":\"https:\\\/\\\/associationverticale.com\\\/#organization\"},\"potentialAction\":[{\"@type\":\"SearchAction\",\"target\":{\"@type\":\"EntryPoint\",\"urlTemplate\":\"https:\\\/\\\/associationverticale.com\\\/?s={search_term_string}\"},\"query-input\":{\"@type\":\"PropertyValueSpecification\",\"valueRequired\":true,\"valueName\":\"search_term_string\"}}],\"inLanguage\":\"fr-FR\"},{\"@type\":\"Organization\",\"@id\":\"https:\\\/\\\/associationverticale.com\\\/#organization\",\"name\":\"ASSOCIATION VERTICALE\",\"url\":\"https:\\\/\\\/associationverticale.com\\\/\",\"logo\":{\"@type\":\"ImageObject\",\"inLanguage\":\"fr-FR\",\"@id\":\"https:\\\/\\\/associationverticale.com\\\/#\\\/schema\\\/logo\\\/image\\\/\",\"url\":\"https:\\\/\\\/associationverticale.com\\\/wp-content\\\/uploads\\\/2023\\\/05\\\/cropped-Nouveau-logo-Verticale.jpg\",\"contentUrl\":\"https:\\\/\\\/associationverticale.com\\\/wp-content\\\/uploads\\\/2023\\\/05\\\/cropped-Nouveau-logo-Verticale.jpg\",\"width\":741,\"height\":666,\"caption\":\"ASSOCIATION VERTICALE\"},\"image\":{\"@id\":\"https:\\\/\\\/associationverticale.com\\\/#\\\/schema\\\/logo\\\/image\\\/\"},\"sameAs\":[\"https:\\\/\\\/www.facebook.com\\\/profile.php?id=100066388404898\"]}]}<\/script>\n<!-- \/ Yoast SEO plugin. -->","yoast_head_json":{"title":"VERTICALE - Les partenaires - ASSOCIATION VERTICALE","robots":{"index":"index","follow":"follow","max-snippet":"max-snippet:-1","max-image-preview":"max-image-preview:large","max-video-preview":"max-video-preview:-1"},"canonical":"https:\/\/associationverticale.com\/index.php\/verticale-les-partenaires\/","og_locale":"fr_FR","og_type":"article","og_title":"VERTICALE - Les partenaires - ASSOCIATION VERTICALE","og_description":"La confiance que nous accordent nos g\u00e9n\u00e9reux donateurs, la chaleur humaine et la solidarit\u00e9 rencontr\u00e9es lors de nos manifestations mais aussi l\u2019enthousiasme et l\u2019appui inconditionnel de la Professeure Florence PERRIN, sont pour VERTICALE autant de raisons de se battre pour que l\u2019espoir devienne, un jour, r\u00e9alit\u00e9. La recherche m\u00e9dicale a [&hellip;]","og_url":"https:\/\/associationverticale.com\/index.php\/verticale-les-partenaires\/","og_site_name":"ASSOCIATION VERTICALE","article_publisher":"https:\/\/www.facebook.com\/profile.php?id=100066388404898","article_modified_time":"2025-12-09T19:04:11+00:00","og_image":[{"width":500,"height":500,"url":"https:\/\/associationverticale.com\/wp-content\/uploads\/2024\/02\/logo-Ville-de-Grigny.jpg","type":"image\/jpeg"}],"twitter_card":"summary_large_image","twitter_misc":{"Dur\u00e9e de lecture estim\u00e9e":"2 minutes"},"schema":{"@context":"https:\/\/schema.org","@graph":[{"@type":"WebPage","@id":"https:\/\/associationverticale.com\/index.php\/verticale-les-partenaires\/","url":"https:\/\/associationverticale.com\/index.php\/verticale-les-partenaires\/","name":"VERTICALE - Les partenaires - ASSOCIATION VERTICALE","isPartOf":{"@id":"https:\/\/associationverticale.com\/#website"},"primaryImageOfPage":{"@id":"https:\/\/associationverticale.com\/index.php\/verticale-les-partenaires\/#primaryimage"},"image":{"@id":"https:\/\/associationverticale.com\/index.php\/verticale-les-partenaires\/#primaryimage"},"thumbnailUrl":"https:\/\/associationverticale.com\/wp-content\/uploads\/2024\/02\/logo-Ville-de-Grigny.jpg","datePublished":"2023-04-29T14:21:04+00:00","dateModified":"2025-12-09T19:04:11+00:00","breadcrumb":{"@id":"https:\/\/associationverticale.com\/index.php\/verticale-les-partenaires\/#breadcrumb"},"inLanguage":"fr-FR","potentialAction":[{"@type":"ReadAction","target":["https:\/\/associationverticale.com\/index.php\/verticale-les-partenaires\/"]}]},{"@type":"ImageObject","inLanguage":"fr-FR","@id":"https:\/\/associationverticale.com\/index.php\/verticale-les-partenaires\/#primaryimage","url":"https:\/\/associationverticale.com\/wp-content\/uploads\/2024\/02\/logo-Ville-de-Grigny.jpg","contentUrl":"https:\/\/associationverticale.com\/wp-content\/uploads\/2024\/02\/logo-Ville-de-Grigny.jpg","width":500,"height":500},{"@type":"BreadcrumbList","@id":"https:\/\/associationverticale.com\/index.php\/verticale-les-partenaires\/#breadcrumb","itemListElement":[{"@type":"ListItem","position":1,"name":"Accueil","item":"https:\/\/associationverticale.com\/"},{"@type":"ListItem","position":2,"name":"VERTICALE &#8211; Les partenaires"}]},{"@type":"WebSite","@id":"https:\/\/associationverticale.com\/#website","url":"https:\/\/associationverticale.com\/","name":"ASSOCIATION VERTICALE","description":"Soutien \u00e0 la recherche sur les traumatismes de la moelle \u00e9pini\u00e8re","publisher":{"@id":"https:\/\/associationverticale.com\/#organization"},"potentialAction":[{"@type":"SearchAction","target":{"@type":"EntryPoint","urlTemplate":"https:\/\/associationverticale.com\/?s={search_term_string}"},"query-input":{"@type":"PropertyValueSpecification","valueRequired":true,"valueName":"search_term_string"}}],"inLanguage":"fr-FR"},{"@type":"Organization","@id":"https:\/\/associationverticale.com\/#organization","name":"ASSOCIATION VERTICALE","url":"https:\/\/associationverticale.com\/","logo":{"@type":"ImageObject","inLanguage":"fr-FR","@id":"https:\/\/associationverticale.com\/#\/schema\/logo\/image\/","url":"https:\/\/associationverticale.com\/wp-content\/uploads\/2023\/05\/cropped-Nouveau-logo-Verticale.jpg","contentUrl":"https:\/\/associationverticale.com\/wp-content\/uploads\/2023\/05\/cropped-Nouveau-logo-Verticale.jpg","width":741,"height":666,"caption":"ASSOCIATION VERTICALE"},"image":{"@id":"https:\/\/associationverticale.com\/#\/schema\/logo\/image\/"},"sameAs":["https:\/\/www.facebook.com\/profile.php?id=100066388404898"]}]}},"_links":{"self":[{"href":"https:\/\/associationverticale.com\/index.php\/wp-json\/wp\/v2\/pages\/99","targetHints":{"allow":["GET"]}}],"collection":[{"href":"https:\/\/associationverticale.com\/index.php\/wp-json\/wp\/v2\/pages"}],"about":[{"href":"https:\/\/associationverticale.com\/index.php\/wp-json\/wp\/v2\/types\/page"}],"author":[{"embeddable":true,"href":"https:\/\/associationverticale.com\/index.php\/wp-json\/wp\/v2\/users\/1"}],"replies":[{"embeddable":true,"href":"https:\/\/associationverticale.com\/index.php\/wp-json\/wp\/v2\/comments?post=99"}],"version-history":[{"count":39,"href":"https:\/\/associationverticale.com\/index.php\/wp-json\/wp\/v2\/pages\/99\/revisions"}],"predecessor-version":[{"id":4000,"href":"https:\/\/associationverticale.com\/index.php\/wp-json\/wp\/v2\/pages\/99\/revisions\/4000"}],"wp:attachment":[{"href":"https:\/\/associationverticale.com\/index.php\/wp-json\/wp\/v2\/media?parent=99"}],"curies":[{"name":"wp","href":"https:\/\/api.w.org\/{rel}","templated":true}]}}